{"id":736,"date":"2021-10-31T15:20:50","date_gmt":"2021-10-31T19:20:50","guid":{"rendered":"http:\/\/btglobal.ca\/muhc-foundation\/"},"modified":"2021-11-15T09:33:40","modified_gmt":"2021-11-15T13:33:40","slug":"la-fondation-du-cusm","status":"publish","type":"page","link":"https:\/\/btglobal.ca\/fr\/la-fondation-du-cusm\/","title":{"rendered":"Fondation du CUSM"},"content":{"rendered":"[vc_row][vc_column][vc_column_text]<img loading=\"lazy\" decoding=\"async\" class=\"aligncenter size-medium wp-image-753\" src=\"http:\/\/btglobal.ca\/wp-content\/uploads\/2021\/11\/Fondation-du-CUSM-Header-300x95.png\" alt=\"Fondation du CUSM Header\" width=\"300\" height=\"95\" srcset=\"https:\/\/btglobal.ca\/wp-content\/uploads\/2021\/11\/Fondation-du-CUSM-Header-300x95.png 300w, https:\/\/btglobal.ca\/wp-content\/uploads\/2021\/11\/Fondation-du-CUSM-Header.png 646w\" sizes=\"auto, (max-width: 300px) 100vw, 300px\" \/><\/p>\n<p style=\"text-align: justify;\">BT Global Growth est fier de soutenir la Fondation du Centre universitaire de sant\u00e9 McGill (CUSM). Notre pr\u00e9sident et co-fondateur, Paul Beattie, est heureux d&rsquo;accepter le poste de co-pr\u00e9sident de la campagne respiratoire de la Fondation du CUSM, qui amasse 10 M$ pour soutenir l\u2019Institut thoracique de Montr\u00e9al (ITM) du CUSM.<\/p>\n<p style=\"text-align: justify;\">Les maladies respiratoires sont plus courantes que vous ne le pensez et sont en constante augmentation. Saviez-vous que plus de 6 millions de Canadiens souffrent de probl\u00e8mes de sant\u00e9 respiratoire?<\/p>\n<p style=\"text-align: justify;\">L\u2019ITM est le seul h\u00f4pital respiratoire sp\u00e9cialis\u00e9 au Qu\u00e9bec. Les \u00e9quipes respiratoires travaillent sans rel\u00e2che chaque jour pour offrir des soins sp\u00e9cialis\u00e9s \u00e0 leurs patients. Le financement gouvernemental ne couvre pas le co\u00fbt de nouveaux \u00e9quipements innovants, le d\u00e9marrage de nouvelles initiatives, le soutien aux patients ou la recherche. Les soins et la recherche reposent sur le soutien des donateurs.<\/p>\n<p style=\"text-align: justify;\">Joignez-vous \u00e0 nous pour aider \u00e0 amasser des fonds afin que les Montr\u00e9alaises et Montr\u00e9alais puissent mieux respirer! La campagne Osez r\u00eaver : mieux respirer recueille des fonds afin de:<\/p>\n<ul style=\"text-align: justify;\">\n<li>acheter du mat\u00e9riel m\u00e9dical;<\/li>\n<li>soutenir le lancement de programmes de soins innovants et de syst\u00e8mes de suivi \u00e0 domicile;<\/li>\n<li>financer des d\u00e9couvertes de recherche r\u00e9volutionnaires et des essais cliniques pionniers; et<\/li>\n<li>financer des prix d&rsquo;innovation pour permettre aux cliniciens-chercheurs de tester leurs id\u00e9es<\/li>\n<\/ul>\n<p style=\"text-align: justify;\">Tout cela est con\u00e7u avec un seul objectif en t\u00eate: afin que nous puissions tous vivre notre vie et respirer pleinement.<\/p>\n<p style=\"text-align: justify;\">Nous vous encourageons \u00e0 visiter le site d&rsquo;internet de la <a href=\"https:\/\/fondationcusm.com\/osez-rever\/medecine-respiratoire\/?_ga=2.140174707.1905084038.1635180156-415765681.1634304159\" target=\"_blank\" rel=\"noopener\">Fondation du CUSM<\/a> qui fournit plus de d\u00e9tails sur la campagne Osez r\u00eaver : mieux respirer.<\/p>\n<p><img loading=\"lazy\" decoding=\"async\" class=\"aligncenter wp-image-755 \" src=\"http:\/\/btglobal.ca\/wp-content\/uploads\/2021\/11\/Fondation-du-CUSM-Footer.png\" alt=\"Fondation du CUSM Footer\" width=\"665\" height=\"212\" srcset=\"https:\/\/btglobal.ca\/wp-content\/uploads\/2021\/11\/Fondation-du-CUSM-Footer.png 954w, https:\/\/btglobal.ca\/wp-content\/uploads\/2021\/11\/Fondation-du-CUSM-Footer-300x96.png 300w, https:\/\/btglobal.ca\/wp-content\/uploads\/2021\/11\/Fondation-du-CUSM-Footer-768x245.png 768w\" sizes=\"auto, (max-width: 665px) 100vw, 665px\" \/>[\/vc_column_text][\/vc_column][\/vc_row]\n","protected":false},"excerpt":{"rendered":"<p>[vc_row][vc_column][vc_column_text] BT Global Growth est fier de soutenir la Fondation du Centre universitaire de sant\u00e9 McGill (CUSM). Notre pr\u00e9sident et co-fondateur, Paul Beattie, est heureux d&rsquo;accepter le poste de co-pr\u00e9sident de la campagne respiratoire de la Fondation du CUSM, qui&hellip;<\/p>\n","protected":false},"author":1,"featured_media":0,"parent":0,"menu_order":0,"comment_status":"closed","ping_status":"closed","template":"","meta":{"footnotes":""},"class_list":["post-736","page","type-page","status-publish","hentry","entry","no-media"],"yoast_head":"<!-- This site is optimized with the Yoast SEO plugin v26.8 - https:\/\/yoast.com\/product\/yoast-seo-wordpress\/ -->\n<title>Fondation du CUSM - BT Global Growth Montreal<\/title>\n<meta name=\"description\" content=\"BT Global Growth est fier de soutenir la Fondation du Centre universitaire de sant\u00e9 McGill (CUSM).\" \/>\n<meta name=\"robots\" content=\"index, follow, max-snippet:-1, max-image-preview:large, max-video-preview:-1\" \/>\n<link rel=\"canonical\" href=\"https:\/\/btglobal.ca\/fr\/la-fondation-du-cusm\/\" \/>\n<meta property=\"og:locale\" content=\"fr_FR\" \/>\n<meta property=\"og:type\" content=\"article\" \/>\n<meta property=\"og:title\" content=\"Fondation du CUSM - BT Global Growth Montreal\" \/>\n<meta property=\"og:description\" content=\"BT Global Growth est fier de soutenir la Fondation du Centre universitaire de sant\u00e9 McGill (CUSM).\" \/>\n<meta property=\"og:url\" content=\"https:\/\/btglobal.ca\/fr\/la-fondation-du-cusm\/\" \/>\n<meta property=\"og:site_name\" content=\"BT Global Growth\" \/>\n<meta property=\"article:publisher\" content=\"https:\/\/www.facebook.com\/btglobalgrowth\/\" \/>\n<meta property=\"article:modified_time\" content=\"2021-11-15T13:33:40+00:00\" \/>\n<meta property=\"og:image\" content=\"http:\/\/btglobal.ca\/wp-content\/uploads\/2021\/11\/Fondation-du-CUSM-Header-300x95.png\" \/>\n<meta name=\"twitter:card\" content=\"summary_large_image\" \/>\n<meta name=\"twitter:label1\" content=\"Dur\u00e9e de lecture estim\u00e9e\" \/>\n\t<meta name=\"twitter:data1\" content=\"1 minute\" \/>\n<script type=\"application\/ld+json\" class=\"yoast-schema-graph\">{\"@context\":\"https:\/\/schema.org\",\"@graph\":[{\"@type\":\"WebPage\",\"@id\":\"https:\/\/btglobal.ca\/fr\/la-fondation-du-cusm\/\",\"url\":\"https:\/\/btglobal.ca\/fr\/la-fondation-du-cusm\/\",\"name\":\"Fondation du CUSM - BT Global Growth Montreal\",\"isPartOf\":{\"@id\":\"https:\/\/btglobal.ca\/#website\"},\"primaryImageOfPage\":{\"@id\":\"https:\/\/btglobal.ca\/fr\/la-fondation-du-cusm\/#primaryimage\"},\"image\":{\"@id\":\"https:\/\/btglobal.ca\/fr\/la-fondation-du-cusm\/#primaryimage\"},\"thumbnailUrl\":\"http:\/\/btglobal.ca\/wp-content\/uploads\/2021\/11\/Fondation-du-CUSM-Header-300x95.png\",\"datePublished\":\"2021-10-31T19:20:50+00:00\",\"dateModified\":\"2021-11-15T13:33:40+00:00\",\"description\":\"BT Global Growth est fier de soutenir la Fondation du Centre universitaire de sant\u00e9 McGill (CUSM).\",\"breadcrumb\":{\"@id\":\"https:\/\/btglobal.ca\/fr\/la-fondation-du-cusm\/#breadcrumb\"},\"inLanguage\":\"fr-FR\",\"potentialAction\":[{\"@type\":\"ReadAction\",\"target\":[\"https:\/\/btglobal.ca\/fr\/la-fondation-du-cusm\/\"]}]},{\"@type\":\"ImageObject\",\"inLanguage\":\"fr-FR\",\"@id\":\"https:\/\/btglobal.ca\/fr\/la-fondation-du-cusm\/#primaryimage\",\"url\":\"http:\/\/btglobal.ca\/wp-content\/uploads\/2021\/11\/Fondation-du-CUSM-Header-300x95.png\",\"contentUrl\":\"http:\/\/btglobal.ca\/wp-content\/uploads\/2021\/11\/Fondation-du-CUSM-Header-300x95.png\"},{\"@type\":\"BreadcrumbList\",\"@id\":\"https:\/\/btglobal.ca\/fr\/la-fondation-du-cusm\/#breadcrumb\",\"itemListElement\":[{\"@type\":\"ListItem\",\"position\":1,\"name\":\"Home\",\"item\":\"https:\/\/btglobal.ca\/fr\/\"},{\"@type\":\"ListItem\",\"position\":2,\"name\":\"Fondation du CUSM\"}]},{\"@type\":\"WebSite\",\"@id\":\"https:\/\/btglobal.ca\/#website\",\"url\":\"https:\/\/btglobal.ca\/\",\"name\":\"BT Global Growth\",\"description\":\"Montreal Based Canadian Hedge Fund\",\"publisher\":{\"@id\":\"https:\/\/btglobal.ca\/#organization\"},\"potentialAction\":[{\"@type\":\"SearchAction\",\"target\":{\"@type\":\"EntryPoint\",\"urlTemplate\":\"https:\/\/btglobal.ca\/?s={search_term_string}\"},\"query-input\":{\"@type\":\"PropertyValueSpecification\",\"valueRequired\":true,\"valueName\":\"search_term_string\"}}],\"inLanguage\":\"fr-FR\"},{\"@type\":\"Organization\",\"@id\":\"https:\/\/btglobal.ca\/#organization\",\"name\":\"BT Global Growth\",\"url\":\"https:\/\/btglobal.ca\/\",\"logo\":{\"@type\":\"ImageObject\",\"inLanguage\":\"fr-FR\",\"@id\":\"https:\/\/btglobal.ca\/#\/schema\/logo\/image\/\",\"url\":\"http:\/\/btglobal.ca\/wp-content\/uploads\/2017\/07\/BT-Global-Logo.png\",\"contentUrl\":\"http:\/\/btglobal.ca\/wp-content\/uploads\/2017\/07\/BT-Global-Logo.png\",\"width\":240,\"height\":70,\"caption\":\"BT Global Growth\"},\"image\":{\"@id\":\"https:\/\/btglobal.ca\/#\/schema\/logo\/image\/\"},\"sameAs\":[\"https:\/\/www.facebook.com\/btglobalgrowth\/\",\"https:\/\/www.linkedin.com\/company\/bt-global-growth\",\"https:\/\/www.youtube.com\/channel\/UCuhqF9NEZhd6TEF5c7seY1A\"]}]}<\/script>\n<!-- \/ Yoast SEO plugin. -->","yoast_head_json":{"title":"Fondation du CUSM - BT Global Growth Montreal","description":"BT Global Growth est fier de soutenir la Fondation du Centre universitaire de sant\u00e9 McGill (CUSM).","robots":{"index":"index","follow":"follow","max-snippet":"max-snippet:-1","max-image-preview":"max-image-preview:large","max-video-preview":"max-video-preview:-1"},"canonical":"https:\/\/btglobal.ca\/fr\/la-fondation-du-cusm\/","og_locale":"fr_FR","og_type":"article","og_title":"Fondation du CUSM - BT Global Growth Montreal","og_description":"BT Global Growth est fier de soutenir la Fondation du Centre universitaire de sant\u00e9 McGill (CUSM).","og_url":"https:\/\/btglobal.ca\/fr\/la-fondation-du-cusm\/","og_site_name":"BT Global Growth","article_publisher":"https:\/\/www.facebook.com\/btglobalgrowth\/","article_modified_time":"2021-11-15T13:33:40+00:00","og_image":[{"url":"http:\/\/btglobal.ca\/wp-content\/uploads\/2021\/11\/Fondation-du-CUSM-Header-300x95.png","type":"","width":"","height":""}],"twitter_card":"summary_large_image","twitter_misc":{"Dur\u00e9e de lecture estim\u00e9e":"1 minute"},"schema":{"@context":"https:\/\/schema.org","@graph":[{"@type":"WebPage","@id":"https:\/\/btglobal.ca\/fr\/la-fondation-du-cusm\/","url":"https:\/\/btglobal.ca\/fr\/la-fondation-du-cusm\/","name":"Fondation du CUSM - BT Global Growth Montreal","isPartOf":{"@id":"https:\/\/btglobal.ca\/#website"},"primaryImageOfPage":{"@id":"https:\/\/btglobal.ca\/fr\/la-fondation-du-cusm\/#primaryimage"},"image":{"@id":"https:\/\/btglobal.ca\/fr\/la-fondation-du-cusm\/#primaryimage"},"thumbnailUrl":"http:\/\/btglobal.ca\/wp-content\/uploads\/2021\/11\/Fondation-du-CUSM-Header-300x95.png","datePublished":"2021-10-31T19:20:50+00:00","dateModified":"2021-11-15T13:33:40+00:00","description":"BT Global Growth est fier de soutenir la Fondation du Centre universitaire de sant\u00e9 McGill (CUSM).","breadcrumb":{"@id":"https:\/\/btglobal.ca\/fr\/la-fondation-du-cusm\/#breadcrumb"},"inLanguage":"fr-FR","potentialAction":[{"@type":"ReadAction","target":["https:\/\/btglobal.ca\/fr\/la-fondation-du-cusm\/"]}]},{"@type":"ImageObject","inLanguage":"fr-FR","@id":"https:\/\/btglobal.ca\/fr\/la-fondation-du-cusm\/#primaryimage","url":"http:\/\/btglobal.ca\/wp-content\/uploads\/2021\/11\/Fondation-du-CUSM-Header-300x95.png","contentUrl":"http:\/\/btglobal.ca\/wp-content\/uploads\/2021\/11\/Fondation-du-CUSM-Header-300x95.png"},{"@type":"BreadcrumbList","@id":"https:\/\/btglobal.ca\/fr\/la-fondation-du-cusm\/#breadcrumb","itemListElement":[{"@type":"ListItem","position":1,"name":"Home","item":"https:\/\/btglobal.ca\/fr\/"},{"@type":"ListItem","position":2,"name":"Fondation du CUSM"}]},{"@type":"WebSite","@id":"https:\/\/btglobal.ca\/#website","url":"https:\/\/btglobal.ca\/","name":"BT Global Growth","description":"Montreal Based Canadian Hedge Fund","publisher":{"@id":"https:\/\/btglobal.ca\/#organization"},"potentialAction":[{"@type":"SearchAction","target":{"@type":"EntryPoint","urlTemplate":"https:\/\/btglobal.ca\/?s={search_term_string}"},"query-input":{"@type":"PropertyValueSpecification","valueRequired":true,"valueName":"search_term_string"}}],"inLanguage":"fr-FR"},{"@type":"Organization","@id":"https:\/\/btglobal.ca\/#organization","name":"BT Global Growth","url":"https:\/\/btglobal.ca\/","logo":{"@type":"ImageObject","inLanguage":"fr-FR","@id":"https:\/\/btglobal.ca\/#\/schema\/logo\/image\/","url":"http:\/\/btglobal.ca\/wp-content\/uploads\/2017\/07\/BT-Global-Logo.png","contentUrl":"http:\/\/btglobal.ca\/wp-content\/uploads\/2017\/07\/BT-Global-Logo.png","width":240,"height":70,"caption":"BT Global Growth"},"image":{"@id":"https:\/\/btglobal.ca\/#\/schema\/logo\/image\/"},"sameAs":["https:\/\/www.facebook.com\/btglobalgrowth\/","https:\/\/www.linkedin.com\/company\/bt-global-growth","https:\/\/www.youtube.com\/channel\/UCuhqF9NEZhd6TEF5c7seY1A"]}]}},"_links":{"self":[{"href":"https:\/\/btglobal.ca\/fr\/wp-json\/wp\/v2\/pages\/736\/"}],"collection":[{"href":"https:\/\/btglobal.ca\/fr\/wp-json\/wp\/v2\/pages\/"}],"about":[{"href":"https:\/\/btglobal.ca\/fr\/wp-json\/wp\/v2\/types\/page\/"}],"author":[{"embeddable":true,"href":"https:\/\/btglobal.ca\/fr\/wp-json\/wp\/v2\/users\/1\/"}],"replies":[{"embeddable":true,"href":"https:\/\/btglobal.ca\/fr\/wp-json\/wp\/v2\/comments\/?post=736"}],"version-history":[{"count":5,"href":"https:\/\/btglobal.ca\/fr\/wp-json\/wp\/v2\/pages\/736\/revisions\/"}],"predecessor-version":[{"id":761,"href":"https:\/\/btglobal.ca\/fr\/wp-json\/wp\/v2\/pages\/736\/revisions\/761\/"}],"wp:attachment":[{"href":"https:\/\/btglobal.ca\/fr\/wp-json\/wp\/v2\/media\/?parent=736"}],"curies":[{"name":"wp","href":"https:\/\/api.w.org\/{rel}","templated":true}]}}