{"id":557,"date":"2021-04-08T09:08:33","date_gmt":"2021-04-08T13:08:33","guid":{"rendered":"http:\/\/btglobal.ca\/?page_id=557"},"modified":"2022-01-14T13:03:24","modified_gmt":"2022-01-14T17:03:24","slug":"fiducie-bt-global-growth","status":"publish","type":"page","link":"https:\/\/btglobal.ca\/fr\/fiducie-bt-global-growth\/","title":{"rendered":"La Fiducie BT Global Growth"},"content":{"rendered":"[vc_row][vc_column][vc_column_text]\n<p style=\"text-align: justify;\">Nous sommes ravis de pouvoir offrir le BT Global Growth Trust, un fonds qui est admissible au REER.<\/p>\n<h2 style=\"text-align: justify;\">Avantage<\/h2>\n<p style=\"text-align: justify;\">L&rsquo;avantage de ce nouveau produit vous permet de r\u00e9aliser un investissement exon\u00e9r\u00e9 d&rsquo;imp\u00f4t. Il sera admissible en vertu des lois canadiennes habituelles ainsi qu&rsquo;aux REER, REEE, FERR, REEI, CELI et RPDB. Les actifs de cette fiducie iront directement dans le Fonds, par cons\u00e9quent, un investissement dans la fiducie devrait produire des rendements indiff\u00e9renci\u00e9s d&rsquo;un investissement dans le Fonds. L\u2019intention de ce produit est de permettre \u00e0 nos investisseurs de b\u00e9n\u00e9ficier des rendements historiquement constants de BT Global Growth, avec un aspect fiscal int\u00e9ressant. La fiducie sera \u00e9galement une tr\u00e8s bonne nouvelle initiative pour le Fonds lui-m\u00eame, car nous cr\u00e9ons une nouvelle source de croissance en offrant une strat\u00e9gie compl\u00e9mentaire pour les comptes enregistr\u00e9s.<\/p>\n<h2 style=\"text-align: justify;\">Comment investir dans le BT Global Growth Trust<\/h2>\n<p>Si vous souhaitez investir dans le BT Global Growth Trust, veuillez <a href=\"\/fr\/nous-joindre\/\">nous contacter<\/a>, nous serons heureux de vous guider tout au long du processus.\u00a0Si vous \u00eates d\u00e9j\u00e0 un investisseur dans le BT Global Growth Trust, veuillez cliquer sur le bouton de connexion ci-dessous ou sur Fiducie BTGG \u2013 Connexion Investisseur&rsquo; en haut de cette page web.[\/vc_column_text][vc_empty_space height=\u00a0\u00bb20px\u00a0\u00bb][vc_row_inner][vc_column_inner width=\u00a0\u00bb1\/3&Prime;][\/vc_column_inner][vc_column_inner width=\u00a0\u00bb1\/3&Prime;]<div class=\"textcenter theme-button-wrap clr\"><a href=\"\/fr\/client-login\/\" title=\"SE CONNECTER\" class=\"vcex-button theme-button large align-center animate-on-hover\" style=\"width:300px;\"><span class=\"theme-button-inner\">SE CONNECTER<\/span><\/a><\/div> [\/vc_column_inner][vc_column_inner width=\u00a0\u00bb1\/3&Prime;][\/vc_column_inner][\/vc_row_inner][vc_column_text]\n<h2 style=\"text-align: justify;\">Sommaire et termes de la Fiducie<\/h2>\n<div class=\"visualizer-front-container visualizer-lazy-render\" id=\"chart_wrapper_visualizer-879-777707912\"><style type=\"text\/css\" name=\"visualizer-custom-css\" id=\"customcss-visualizer-879\">.locker,.locker-loader{position:absolute;top:0;left:0;width:100%;height:100%}.locker{z-index:1000;opacity:.8;background-color:#fff;-ms-filter:\"progid:DXImageTransform.Microsoft.Alpha(Opacity=80)\";filter:alpha(opacity=80)}.locker-loader{z-index:1001;background:url(https:\/\/btglobal.ca\/wp-content\/plugins\/visualizer\/images\/ajax-loader.gif) no-repeat center center}.dt-button{display:none!important}.visualizer-front-container.visualizer-lazy-render{content-visibility: auto;}.google-visualization-controls-categoryfilter label.google-visualization-controls-label {vertical-align: middle;}.google-visualization-controls-categoryfilter li.goog-inline-block {margin: 0 0.2em;}.google-visualization-controls-categoryfilter li {padding: 0 0.2em;}.visualizer-front-container .dataTables_scrollHeadInner{margin: 0 auto;}<\/style><div id=\"visualizer-879-777707912\" class=\"visualizer-front  visualizer-front-879\"><\/div><!-- Not showing structured data for chart 879 because title is empty --><\/div>\n<h2>Valeur d&rsquo;actif net par unit\u00e9 de la Fiducie (VAN)<\/h2>\n<div class=\"visualizer-front-container visualizer-lazy-render\" id=\"chart_wrapper_visualizer-915-1321753149\"><style type=\"text\/css\" name=\"visualizer-custom-css\" id=\"customcss-visualizer-915\">.locker,.locker-loader{position:absolute;top:0;left:0;width:100%;height:100%}.locker{z-index:1000;opacity:.8;background-color:#fff;-ms-filter:\"progid:DXImageTransform.Microsoft.Alpha(Opacity=80)\";filter:alpha(opacity=80)}.locker-loader{z-index:1001;background:url(https:\/\/btglobal.ca\/wp-content\/plugins\/visualizer\/images\/ajax-loader.gif) no-repeat center center}.dt-button{display:none!important}.visualizer-front-container.visualizer-lazy-render{content-visibility: auto;}.google-visualization-controls-categoryfilter label.google-visualization-controls-label {vertical-align: middle;}.google-visualization-controls-categoryfilter li.goog-inline-block {margin: 0 0.2em;}.google-visualization-controls-categoryfilter li {padding: 0 0.2em;}.visualizer-front-container .dataTables_scrollHeadInner{margin: 0 auto;}<\/style><div id=\"visualizer-915-1321753149\" class=\"visualizer-front  visualizer-front-915\"><\/div><!-- Not showing structured data for chart 915 because title is empty --><\/div>[\/vc_column_text][\/vc_column][\/vc_row][vc_row][vc_column][vc_column_text]Si vous souhaitez investir dans le BT Global Growth Trust ou si vous avez des questions, n\u2019h\u00e9sitez pas \u00e0 <a href=\"\/fr\/nous-joindre\/\">nous contacter<\/a>. Nous vous remercions d&rsquo;avance pour votre soutien.[\/vc_column_text][\/vc_column][\/vc_row]\n","protected":false},"excerpt":{"rendered":"<p>[vc_row][vc_column][vc_column_text] Nous sommes ravis de pouvoir offrir le BT Global Growth Trust, un fonds qui est admissible au REER. Avantage L&rsquo;avantage de ce nouveau produit vous permet de r\u00e9aliser un investissement exon\u00e9r\u00e9 d&rsquo;imp\u00f4t. Il sera admissible en vertu des lois&hellip;<\/p>\n","protected":false},"author":1,"featured_media":0,"parent":0,"menu_order":0,"comment_status":"closed","ping_status":"closed","template":"","meta":{"footnotes":""},"class_list":["post-557","page","type-page","status-publish","hentry","entry","no-media"],"yoast_head":"<!-- This site is optimized with the Yoast SEO plugin v26.8 - https:\/\/yoast.com\/product\/yoast-seo-wordpress\/ -->\n<title>La Fiducie BT Global Growth - BT Global \u00e0 Montr\u00e9al<\/title>\n<meta name=\"description\" content=\"C&#039;est avec un immense plaisir qu\u2019on annonce le lancement de la Fiducie BT Global Growth. Apprenez sur ce produit et ces nombreux avantages. En savoir plus.\" \/>\n<meta name=\"robots\" content=\"index, follow, max-snippet:-1, max-image-preview:large, max-video-preview:-1\" \/>\n<link rel=\"canonical\" href=\"https:\/\/btglobal.ca\/fr\/fiducie-bt-global-growth\/\" \/>\n<meta property=\"og:locale\" content=\"fr_FR\" \/>\n<meta property=\"og:type\" content=\"article\" \/>\n<meta property=\"og:title\" content=\"La Fiducie BT Global Growth - BT Global \u00e0 Montr\u00e9al\" \/>\n<meta property=\"og:description\" content=\"C&#039;est avec un immense plaisir qu\u2019on annonce le lancement de la Fiducie BT Global Growth. Apprenez sur ce produit et ces nombreux avantages. En savoir plus.\" \/>\n<meta property=\"og:url\" content=\"https:\/\/btglobal.ca\/fr\/fiducie-bt-global-growth\/\" \/>\n<meta property=\"og:site_name\" content=\"BT Global Growth\" \/>\n<meta property=\"article:publisher\" content=\"https:\/\/www.facebook.com\/btglobalgrowth\/\" \/>\n<meta property=\"article:modified_time\" content=\"2022-01-14T17:03:24+00:00\" \/>\n<meta name=\"twitter:card\" content=\"summary_large_image\" \/>\n<meta name=\"twitter:label1\" content=\"Dur\u00e9e de lecture estim\u00e9e\" \/>\n\t<meta name=\"twitter:data1\" content=\"2 minutes\" \/>\n<script type=\"application\/ld+json\" class=\"yoast-schema-graph\">{\"@context\":\"https:\/\/schema.org\",\"@graph\":[{\"@type\":\"WebPage\",\"@id\":\"https:\/\/btglobal.ca\/fr\/fiducie-bt-global-growth\/\",\"url\":\"https:\/\/btglobal.ca\/fr\/fiducie-bt-global-growth\/\",\"name\":\"La Fiducie BT Global Growth - BT Global \u00e0 Montr\u00e9al\",\"isPartOf\":{\"@id\":\"https:\/\/btglobal.ca\/#website\"},\"datePublished\":\"2021-04-08T13:08:33+00:00\",\"dateModified\":\"2022-01-14T17:03:24+00:00\",\"description\":\"C'est avec un immense plaisir qu\u2019on annonce le lancement de la Fiducie BT Global Growth. Apprenez sur ce produit et ces nombreux avantages. En savoir plus.\",\"breadcrumb\":{\"@id\":\"https:\/\/btglobal.ca\/fr\/fiducie-bt-global-growth\/#breadcrumb\"},\"inLanguage\":\"fr-FR\",\"potentialAction\":[{\"@type\":\"ReadAction\",\"target\":[\"https:\/\/btglobal.ca\/fr\/fiducie-bt-global-growth\/\"]}]},{\"@type\":\"BreadcrumbList\",\"@id\":\"https:\/\/btglobal.ca\/fr\/fiducie-bt-global-growth\/#breadcrumb\",\"itemListElement\":[{\"@type\":\"ListItem\",\"position\":1,\"name\":\"Home\",\"item\":\"https:\/\/btglobal.ca\/fr\/\"},{\"@type\":\"ListItem\",\"position\":2,\"name\":\"La Fiducie BT Global Growth\"}]},{\"@type\":\"WebSite\",\"@id\":\"https:\/\/btglobal.ca\/#website\",\"url\":\"https:\/\/btglobal.ca\/\",\"name\":\"BT Global Growth\",\"description\":\"Montreal Based Canadian Hedge Fund\",\"publisher\":{\"@id\":\"https:\/\/btglobal.ca\/#organization\"},\"potentialAction\":[{\"@type\":\"SearchAction\",\"target\":{\"@type\":\"EntryPoint\",\"urlTemplate\":\"https:\/\/btglobal.ca\/?s={search_term_string}\"},\"query-input\":{\"@type\":\"PropertyValueSpecification\",\"valueRequired\":true,\"valueName\":\"search_term_string\"}}],\"inLanguage\":\"fr-FR\"},{\"@type\":\"Organization\",\"@id\":\"https:\/\/btglobal.ca\/#organization\",\"name\":\"BT Global Growth\",\"url\":\"https:\/\/btglobal.ca\/\",\"logo\":{\"@type\":\"ImageObject\",\"inLanguage\":\"fr-FR\",\"@id\":\"https:\/\/btglobal.ca\/#\/schema\/logo\/image\/\",\"url\":\"http:\/\/btglobal.ca\/wp-content\/uploads\/2017\/07\/BT-Global-Logo.png\",\"contentUrl\":\"http:\/\/btglobal.ca\/wp-content\/uploads\/2017\/07\/BT-Global-Logo.png\",\"width\":240,\"height\":70,\"caption\":\"BT Global Growth\"},\"image\":{\"@id\":\"https:\/\/btglobal.ca\/#\/schema\/logo\/image\/\"},\"sameAs\":[\"https:\/\/www.facebook.com\/btglobalgrowth\/\",\"https:\/\/www.linkedin.com\/company\/bt-global-growth\",\"https:\/\/www.youtube.com\/channel\/UCuhqF9NEZhd6TEF5c7seY1A\"]}]}<\/script>\n<!-- \/ Yoast SEO plugin. -->","yoast_head_json":{"title":"La Fiducie BT Global Growth - BT Global \u00e0 Montr\u00e9al","description":"C'est avec un immense plaisir qu\u2019on annonce le lancement de la Fiducie BT Global Growth. Apprenez sur ce produit et ces nombreux avantages. En savoir plus.","robots":{"index":"index","follow":"follow","max-snippet":"max-snippet:-1","max-image-preview":"max-image-preview:large","max-video-preview":"max-video-preview:-1"},"canonical":"https:\/\/btglobal.ca\/fr\/fiducie-bt-global-growth\/","og_locale":"fr_FR","og_type":"article","og_title":"La Fiducie BT Global Growth - BT Global \u00e0 Montr\u00e9al","og_description":"C'est avec un immense plaisir qu\u2019on annonce le lancement de la Fiducie BT Global Growth. Apprenez sur ce produit et ces nombreux avantages. En savoir plus.","og_url":"https:\/\/btglobal.ca\/fr\/fiducie-bt-global-growth\/","og_site_name":"BT Global Growth","article_publisher":"https:\/\/www.facebook.com\/btglobalgrowth\/","article_modified_time":"2022-01-14T17:03:24+00:00","twitter_card":"summary_large_image","twitter_misc":{"Dur\u00e9e de lecture estim\u00e9e":"2 minutes"},"schema":{"@context":"https:\/\/schema.org","@graph":[{"@type":"WebPage","@id":"https:\/\/btglobal.ca\/fr\/fiducie-bt-global-growth\/","url":"https:\/\/btglobal.ca\/fr\/fiducie-bt-global-growth\/","name":"La Fiducie BT Global Growth - BT Global \u00e0 Montr\u00e9al","isPartOf":{"@id":"https:\/\/btglobal.ca\/#website"},"datePublished":"2021-04-08T13:08:33+00:00","dateModified":"2022-01-14T17:03:24+00:00","description":"C'est avec un immense plaisir qu\u2019on annonce le lancement de la Fiducie BT Global Growth. Apprenez sur ce produit et ces nombreux avantages. En savoir plus.","breadcrumb":{"@id":"https:\/\/btglobal.ca\/fr\/fiducie-bt-global-growth\/#breadcrumb"},"inLanguage":"fr-FR","potentialAction":[{"@type":"ReadAction","target":["https:\/\/btglobal.ca\/fr\/fiducie-bt-global-growth\/"]}]},{"@type":"BreadcrumbList","@id":"https:\/\/btglobal.ca\/fr\/fiducie-bt-global-growth\/#breadcrumb","itemListElement":[{"@type":"ListItem","position":1,"name":"Home","item":"https:\/\/btglobal.ca\/fr\/"},{"@type":"ListItem","position":2,"name":"La Fiducie BT Global Growth"}]},{"@type":"WebSite","@id":"https:\/\/btglobal.ca\/#website","url":"https:\/\/btglobal.ca\/","name":"BT Global Growth","description":"Montreal Based Canadian Hedge Fund","publisher":{"@id":"https:\/\/btglobal.ca\/#organization"},"potentialAction":[{"@type":"SearchAction","target":{"@type":"EntryPoint","urlTemplate":"https:\/\/btglobal.ca\/?s={search_term_string}"},"query-input":{"@type":"PropertyValueSpecification","valueRequired":true,"valueName":"search_term_string"}}],"inLanguage":"fr-FR"},{"@type":"Organization","@id":"https:\/\/btglobal.ca\/#organization","name":"BT Global Growth","url":"https:\/\/btglobal.ca\/","logo":{"@type":"ImageObject","inLanguage":"fr-FR","@id":"https:\/\/btglobal.ca\/#\/schema\/logo\/image\/","url":"http:\/\/btglobal.ca\/wp-content\/uploads\/2017\/07\/BT-Global-Logo.png","contentUrl":"http:\/\/btglobal.ca\/wp-content\/uploads\/2017\/07\/BT-Global-Logo.png","width":240,"height":70,"caption":"BT Global Growth"},"image":{"@id":"https:\/\/btglobal.ca\/#\/schema\/logo\/image\/"},"sameAs":["https:\/\/www.facebook.com\/btglobalgrowth\/","https:\/\/www.linkedin.com\/company\/bt-global-growth","https:\/\/www.youtube.com\/channel\/UCuhqF9NEZhd6TEF5c7seY1A"]}]}},"_links":{"self":[{"href":"https:\/\/btglobal.ca\/fr\/wp-json\/wp\/v2\/pages\/557\/"}],"collection":[{"href":"https:\/\/btglobal.ca\/fr\/wp-json\/wp\/v2\/pages\/"}],"about":[{"href":"https:\/\/btglobal.ca\/fr\/wp-json\/wp\/v2\/types\/page\/"}],"author":[{"embeddable":true,"href":"https:\/\/btglobal.ca\/fr\/wp-json\/wp\/v2\/users\/1\/"}],"replies":[{"embeddable":true,"href":"https:\/\/btglobal.ca\/fr\/wp-json\/wp\/v2\/comments\/?post=557"}],"version-history":[{"count":25,"href":"https:\/\/btglobal.ca\/fr\/wp-json\/wp\/v2\/pages\/557\/revisions\/"}],"predecessor-version":[{"id":919,"href":"https:\/\/btglobal.ca\/fr\/wp-json\/wp\/v2\/pages\/557\/revisions\/919\/"}],"wp:attachment":[{"href":"https:\/\/btglobal.ca\/fr\/wp-json\/wp\/v2\/media\/?parent=557"}],"curies":[{"name":"wp","href":"https:\/\/api.w.org\/{rel}","templated":true}]}}