{"id":192,"date":"2017-07-22T22:09:46","date_gmt":"2017-07-23T02:09:46","guid":{"rendered":"http:\/\/btglobal.ca\/?page_id=192\/"},"modified":"2018-07-20T06:54:43","modified_gmt":"2018-07-20T10:54:43","slug":"plan-du-site","status":"publish","type":"page","link":"https:\/\/btglobal.ca\/fr\/plan-du-site\/","title":{"rendered":"Plan du site"},"content":{"rendered":"<p>BT Global Growth est un fonds de couverture achat-vente (long-short) ax\u00e9 sur la valeur, g\u00e9n\u00e9rant depuis 2006 des rendements ajust\u00e9s au risque excellents. Nous profitons pleinement de la proximit\u00e9 des nombreuses compagnies de ressources canadienne et de nos experts dans les secteurs des mati\u00e8res premi\u00e8res pour participer \u00e0 la croissance mondiale. De plus, nous \u00a0cherchons constamment \u00e0 profiter d\u2019environnements \u00a0inefficients et moins comp\u00e9titifs.<\/p>\n<p>BTGG souscrit \u00e0 une politique d\u2019investissement stricte ax\u00e9 sur la croissance et la protection contre les d\u00e9clins, ce qui nous permet de g\u00e9n\u00e9rer des id\u00e9es d\u2019investissement unique, principalement dans les actions se transigeant \u00e0 un faible multiple cours\u00a0 sur flux mon\u00e9taires. Notre focus sur les flux mon\u00e9taires des compagnies dans lesquels nous investissons permet d\u2019offrir une marge de s\u00e9curit\u00e9 contre les d\u00e9clins boursiers.<\/p>\n<div class=\"wsp-container\"><h2 class=\"wsp-pages-title\">Pages<\/h2>\n<ul class=\"wsp-pages-list\">\n<li class=\"page_item page-item-736\"><a href=\"https:\/\/btglobal.ca\/fr\/la-fondation-du-cusm\/\">Fondation du CUSM<\/a><\/li>\n<li class=\"page_item page-item-557\"><a href=\"https:\/\/btglobal.ca\/fr\/fiducie-bt-global-growth\/\">La Fiducie BT Global Growth<\/a><\/li>\n<li class=\"page_item page-item-186\"><a href=\"https:\/\/btglobal.ca\/fr\/\">Accueil<\/a><\/li>\n<li class=\"page_item page-item-163\"><a href=\"https:\/\/btglobal.ca\/fr\/a-propos\/\">\u00c0 propos<\/a><\/li>\n<li class=\"page_item page-item-179\"><a href=\"https:\/\/btglobal.ca\/fr\/fonds-dinvestissement\/\">Le Fonds BT Global Growth<\/a><\/li>\n<li class=\"page_item page-item-180\"><a href=\"https:\/\/btglobal.ca\/fr\/philosophie-dinvestissement\/\">Philosophie d&rsquo;investissement<\/a><\/li>\n<li class=\"page_item page-item-182\"><a href=\"https:\/\/btglobal.ca\/fr\/nous-joindre\/\">Nous joindre<\/a><\/li>\n<li class=\"page_item page-item-192\"><a href=\"https:\/\/btglobal.ca\/fr\/plan-du-site\/\">Plan du site<\/a><\/li>\n<\/ul>\n<h2 class=\"wsp-posts-title\">Articles par cat\u00e9gorie<\/h2>\n<ul class=\"wsp-posts-list\">\n\t<li><strong class=\"wsp-category-title\">Cat\u00e9gorie\u00a0: <a href=\"https:\/\/btglobal.ca\/fr\/category\/non-classifiee\/\">Non classifi\u00e9(e)<\/a><\/strong>\n<\/li>\n<\/ul>\n<\/div>\n","protected":false},"excerpt":{"rendered":"<p>BT Global Growth est un fonds de couverture achat-vente (long-short) ax\u00e9 sur la valeur, g\u00e9n\u00e9rant depuis 2006 des rendements ajust\u00e9s au risque excellents. Nous profitons pleinement de la proximit\u00e9 des nombreuses compagnies de ressources canadienne et de nos experts dans&hellip;<\/p>\n","protected":false},"author":1,"featured_media":0,"parent":0,"menu_order":8,"comment_status":"closed","ping_status":"closed","template":"","meta":{"footnotes":""},"class_list":["post-192","page","type-page","status-publish","hentry","entry","no-media"],"yoast_head":"<!-- This site is optimized with the Yoast SEO plugin v26.8 - https:\/\/yoast.com\/product\/yoast-seo-wordpress\/ -->\n<title>Notre plan du site - BT Global Growth \u00e0 Montr\u00e9al, QC, Canada<\/title>\n<meta name=\"description\" content=\"Nous vous invitons \u00e0 consulter le plan de notre site. Si vous avez des questions \u00e0 propos de notre site web ou notre fonds, contactez-nous aujourd&#039;hui.\" \/>\n<meta name=\"robots\" content=\"index, follow, max-snippet:-1, max-image-preview:large, max-video-preview:-1\" \/>\n<link rel=\"canonical\" href=\"https:\/\/btglobal.ca\/fr\/plan-du-site\/\" \/>\n<meta property=\"og:locale\" content=\"fr_FR\" \/>\n<meta property=\"og:type\" content=\"article\" \/>\n<meta property=\"og:title\" content=\"Notre plan du site - BT Global Growth \u00e0 Montr\u00e9al, QC, Canada\" \/>\n<meta property=\"og:description\" content=\"Nous vous invitons \u00e0 consulter le plan de notre site. Si vous avez des questions \u00e0 propos de notre site web ou notre fonds, contactez-nous aujourd&#039;hui.\" \/>\n<meta property=\"og:url\" content=\"https:\/\/btglobal.ca\/fr\/plan-du-site\/\" \/>\n<meta property=\"og:site_name\" content=\"BT Global Growth\" \/>\n<meta property=\"article:publisher\" content=\"https:\/\/www.facebook.com\/btglobalgrowth\/\" \/>\n<meta property=\"article:modified_time\" content=\"2018-07-20T10:54:43+00:00\" \/>\n<meta name=\"twitter:card\" content=\"summary_large_image\" \/>\n<meta name=\"twitter:label1\" content=\"Dur\u00e9e de lecture estim\u00e9e\" \/>\n\t<meta name=\"twitter:data1\" content=\"1 minute\" \/>\n<script type=\"application\/ld+json\" class=\"yoast-schema-graph\">{\"@context\":\"https:\/\/schema.org\",\"@graph\":[{\"@type\":\"WebPage\",\"@id\":\"https:\/\/btglobal.ca\/fr\/plan-du-site\/\",\"url\":\"https:\/\/btglobal.ca\/fr\/plan-du-site\/\",\"name\":\"Notre plan du site - BT Global Growth \u00e0 Montr\u00e9al, QC, Canada\",\"isPartOf\":{\"@id\":\"https:\/\/btglobal.ca\/#website\"},\"datePublished\":\"2017-07-23T02:09:46+00:00\",\"dateModified\":\"2018-07-20T10:54:43+00:00\",\"description\":\"Nous vous invitons \u00e0 consulter le plan de notre site. Si vous avez des questions \u00e0 propos de notre site web ou notre fonds, contactez-nous aujourd'hui.\",\"breadcrumb\":{\"@id\":\"https:\/\/btglobal.ca\/fr\/plan-du-site\/#breadcrumb\"},\"inLanguage\":\"fr-FR\",\"potentialAction\":[{\"@type\":\"ReadAction\",\"target\":[\"https:\/\/btglobal.ca\/fr\/plan-du-site\/\"]}]},{\"@type\":\"BreadcrumbList\",\"@id\":\"https:\/\/btglobal.ca\/fr\/plan-du-site\/#breadcrumb\",\"itemListElement\":[{\"@type\":\"ListItem\",\"position\":1,\"name\":\"Home\",\"item\":\"https:\/\/btglobal.ca\/fr\/\"},{\"@type\":\"ListItem\",\"position\":2,\"name\":\"Plan du site\"}]},{\"@type\":\"WebSite\",\"@id\":\"https:\/\/btglobal.ca\/#website\",\"url\":\"https:\/\/btglobal.ca\/\",\"name\":\"BT Global Growth\",\"description\":\"Montreal Based Canadian Hedge Fund\",\"publisher\":{\"@id\":\"https:\/\/btglobal.ca\/#organization\"},\"potentialAction\":[{\"@type\":\"SearchAction\",\"target\":{\"@type\":\"EntryPoint\",\"urlTemplate\":\"https:\/\/btglobal.ca\/?s={search_term_string}\"},\"query-input\":{\"@type\":\"PropertyValueSpecification\",\"valueRequired\":true,\"valueName\":\"search_term_string\"}}],\"inLanguage\":\"fr-FR\"},{\"@type\":\"Organization\",\"@id\":\"https:\/\/btglobal.ca\/#organization\",\"name\":\"BT Global Growth\",\"url\":\"https:\/\/btglobal.ca\/\",\"logo\":{\"@type\":\"ImageObject\",\"inLanguage\":\"fr-FR\",\"@id\":\"https:\/\/btglobal.ca\/#\/schema\/logo\/image\/\",\"url\":\"http:\/\/btglobal.ca\/wp-content\/uploads\/2017\/07\/BT-Global-Logo.png\",\"contentUrl\":\"http:\/\/btglobal.ca\/wp-content\/uploads\/2017\/07\/BT-Global-Logo.png\",\"width\":240,\"height\":70,\"caption\":\"BT Global Growth\"},\"image\":{\"@id\":\"https:\/\/btglobal.ca\/#\/schema\/logo\/image\/\"},\"sameAs\":[\"https:\/\/www.facebook.com\/btglobalgrowth\/\",\"https:\/\/www.linkedin.com\/company\/bt-global-growth\",\"https:\/\/www.youtube.com\/channel\/UCuhqF9NEZhd6TEF5c7seY1A\"]}]}<\/script>\n<!-- \/ Yoast SEO plugin. -->","yoast_head_json":{"title":"Notre plan du site - BT Global Growth \u00e0 Montr\u00e9al, QC, Canada","description":"Nous vous invitons \u00e0 consulter le plan de notre site. Si vous avez des questions \u00e0 propos de notre site web ou notre fonds, contactez-nous aujourd'hui.","robots":{"index":"index","follow":"follow","max-snippet":"max-snippet:-1","max-image-preview":"max-image-preview:large","max-video-preview":"max-video-preview:-1"},"canonical":"https:\/\/btglobal.ca\/fr\/plan-du-site\/","og_locale":"fr_FR","og_type":"article","og_title":"Notre plan du site - BT Global Growth \u00e0 Montr\u00e9al, QC, Canada","og_description":"Nous vous invitons \u00e0 consulter le plan de notre site. Si vous avez des questions \u00e0 propos de notre site web ou notre fonds, contactez-nous aujourd'hui.","og_url":"https:\/\/btglobal.ca\/fr\/plan-du-site\/","og_site_name":"BT Global Growth","article_publisher":"https:\/\/www.facebook.com\/btglobalgrowth\/","article_modified_time":"2018-07-20T10:54:43+00:00","twitter_card":"summary_large_image","twitter_misc":{"Dur\u00e9e de lecture estim\u00e9e":"1 minute"},"schema":{"@context":"https:\/\/schema.org","@graph":[{"@type":"WebPage","@id":"https:\/\/btglobal.ca\/fr\/plan-du-site\/","url":"https:\/\/btglobal.ca\/fr\/plan-du-site\/","name":"Notre plan du site - BT Global Growth \u00e0 Montr\u00e9al, QC, Canada","isPartOf":{"@id":"https:\/\/btglobal.ca\/#website"},"datePublished":"2017-07-23T02:09:46+00:00","dateModified":"2018-07-20T10:54:43+00:00","description":"Nous vous invitons \u00e0 consulter le plan de notre site. Si vous avez des questions \u00e0 propos de notre site web ou notre fonds, contactez-nous aujourd'hui.","breadcrumb":{"@id":"https:\/\/btglobal.ca\/fr\/plan-du-site\/#breadcrumb"},"inLanguage":"fr-FR","potentialAction":[{"@type":"ReadAction","target":["https:\/\/btglobal.ca\/fr\/plan-du-site\/"]}]},{"@type":"BreadcrumbList","@id":"https:\/\/btglobal.ca\/fr\/plan-du-site\/#breadcrumb","itemListElement":[{"@type":"ListItem","position":1,"name":"Home","item":"https:\/\/btglobal.ca\/fr\/"},{"@type":"ListItem","position":2,"name":"Plan du site"}]},{"@type":"WebSite","@id":"https:\/\/btglobal.ca\/#website","url":"https:\/\/btglobal.ca\/","name":"BT Global Growth","description":"Montreal Based Canadian Hedge Fund","publisher":{"@id":"https:\/\/btglobal.ca\/#organization"},"potentialAction":[{"@type":"SearchAction","target":{"@type":"EntryPoint","urlTemplate":"https:\/\/btglobal.ca\/?s={search_term_string}"},"query-input":{"@type":"PropertyValueSpecification","valueRequired":true,"valueName":"search_term_string"}}],"inLanguage":"fr-FR"},{"@type":"Organization","@id":"https:\/\/btglobal.ca\/#organization","name":"BT Global Growth","url":"https:\/\/btglobal.ca\/","logo":{"@type":"ImageObject","inLanguage":"fr-FR","@id":"https:\/\/btglobal.ca\/#\/schema\/logo\/image\/","url":"http:\/\/btglobal.ca\/wp-content\/uploads\/2017\/07\/BT-Global-Logo.png","contentUrl":"http:\/\/btglobal.ca\/wp-content\/uploads\/2017\/07\/BT-Global-Logo.png","width":240,"height":70,"caption":"BT Global Growth"},"image":{"@id":"https:\/\/btglobal.ca\/#\/schema\/logo\/image\/"},"sameAs":["https:\/\/www.facebook.com\/btglobalgrowth\/","https:\/\/www.linkedin.com\/company\/bt-global-growth","https:\/\/www.youtube.com\/channel\/UCuhqF9NEZhd6TEF5c7seY1A"]}]}},"_links":{"self":[{"href":"https:\/\/btglobal.ca\/fr\/wp-json\/wp\/v2\/pages\/192\/"}],"collection":[{"href":"https:\/\/btglobal.ca\/fr\/wp-json\/wp\/v2\/pages\/"}],"about":[{"href":"https:\/\/btglobal.ca\/fr\/wp-json\/wp\/v2\/types\/page\/"}],"author":[{"embeddable":true,"href":"https:\/\/btglobal.ca\/fr\/wp-json\/wp\/v2\/users\/1\/"}],"replies":[{"embeddable":true,"href":"https:\/\/btglobal.ca\/fr\/wp-json\/wp\/v2\/comments\/?post=192"}],"version-history":[{"count":0,"href":"https:\/\/btglobal.ca\/fr\/wp-json\/wp\/v2\/pages\/192\/revisions\/"}],"wp:attachment":[{"href":"https:\/\/btglobal.ca\/fr\/wp-json\/wp\/v2\/media\/?parent=192"}],"curies":[{"name":"wp","href":"https:\/\/api.w.org\/{rel}","templated":true}]}}