{"id":186,"date":"2017-07-22T22:03:27","date_gmt":"2017-07-23T02:03:27","guid":{"rendered":"http:\/\/btglobal.ca\/?page_id=186\/"},"modified":"2026-03-26T14:51:11","modified_gmt":"2026-03-26T18:51:11","slug":"accueil","status":"publish","type":"page","link":"https:\/\/btglobal.ca\/fr\/","title":{"rendered":"Accueil"},"content":{"rendered":"[vc_row css=\u00a0\u00bb.vc_custom_1560464546796{margin-top: 30px !important;}\u00a0\u00bb][vc_column][vc_custom_heading text=\u00a0\u00bbFonds de couverture \u00e0 Montr\u00e9al\u00a0\u00bb font_container=\u00a0\u00bbtag:h1|text_align:left\u00a0\u00bb google_fonts=\u00a0\u00bbfont_family:Poiret%20One%3Aregular|font_style:400%20regular%3A400%3Anormal\u00a0\u00bb][vc_column_text]\n<p style=\"text-align: justify;\">Le Fonds de couverture montr\u00e9alais BT Global Growth a \u00e9t\u00e9\u00a0fond\u00e9 en 2006 par M.\u00a0Paul Beattie et M.\u00a0Jacques Lacroix. Depuis sa cr\u00e9ation, le Fonds a r\u00e9alis\u00e9 des rendements alpha. En se concentrant strictement sur la croissance avec une protection en cas de repli,\u00a0le Fonds BT Global Growth g\u00e9n\u00e8re des id\u00e9es d&rsquo;investissement sup\u00e9rieures \u00e0 partir d\u2019actions \u00e0 faibles \u00e9valuations du flux de tr\u00e9sorerie et qui fournissent une \u00ab\u00a0marge de s\u00e9curit\u00e9\u00a0\u00bb aux investisseurs.<\/p>\n<h2 style=\"text-align: justify;\">Effet de levier minimum<\/h2>\n<p style=\"text-align: justify;\">BT Global Growth utilise un effet de levier minimum pour g\u00e9n\u00e9rer des rendements sur investissement. La direction se concentre sur une n\u00e9gociation disciplin\u00e9e afin de r\u00e9duire les risques li\u00e9s aux investissements. Apprenez-en davantage \u00e0 propos de <a href=\"\/fr\/a-propos\/\">notre \u00e9quipe<\/a> ainsi que la strat\u00e9gie d\u2019investissement du <a href=\"\/fr\/fonds-dinvestissement\/\">Fonds BT Global Growth<\/a>.<\/p>\n<p style=\"text-align: justify;\">Le Fonds de couverture montr\u00e9alais BT Global Growth est un <a href=\"\/fr\/fonds-dinvestissement\/\">fonds d\u2019investissement<\/a> ax\u00e9 sur la valeur, qui se sp\u00e9cialis\u00e9 dans la strat\u00e9gie \u00ab\u00a0long\/short\u00a0\u00bb et les mati\u00e8res premi\u00e8res, et qui a \u00e9t\u00e9 cr\u00e9\u00e9 afin d\u2019offrir un outil d\u2019investissement aux investisseurs individus et familles canadiennes \u00e0 valeur nette \u00e9lev\u00e9e pour qu\u2019ils puissent augmenter les rendements de leur portefeuille gr\u00e2ce \u00e0 une croissance du capital \u00e0 long terme. Apprenez-en davantage \u00e0 propos de <a href=\"\/fr\/philosophie-dinvestissement\/\">notre philosophie d\u2019investissement<\/a> et de notre processus de cr\u00e9ation d\u2019id\u00e9es.<\/p>\n<p style=\"text-align: justify;\">Depuis le lancement, le Fonds BT Global Growth a g\u00e9n\u00e9r\u00e9 un rendement net des frais de 11,31% par ann\u00e9e (en date du 31 janvier 2026).<\/p>\n<h2 style=\"text-align: justify;\">Fonds de couverture canadien<\/h2>\n<p style=\"text-align: justify;\">Nous avons eu l\u2019immense plaisir d\u2019investir des capitaux de la part de certains des chefs d\u2019entreprise les plus prosp\u00e8res au Canada. <span lang=\"FR-CA\">L\u2019objectif de notre Fonds est d\u2019exploiter les inefficacit\u00e9s souvent trouv\u00e9 dans le march\u00e9 boursier canadien. <\/span><\/p>\n<p style=\"text-align: justify;\">Si vous envisagez de diversifier votre portefeuille actuel, nous vous invitons \u00e0 <a href=\"\/fr\/nous-joindre\/\">nous contacter<\/a> d\u00e8s aujourd\u2019hui pour discuter des occasions d\u2019investissement potentielles. Il nous fera plaisir de r\u00e9pondre \u00e0 toutes vos questions et de discuter avec vous de vos objectifs d\u2019investissement, de notre <a href=\"\/fr\/fonds-dinvestissement\/\">Fonds<\/a>, ainsi que de nos divers th\u00e8mes d\u2019investissement. Nous vous invitons \u00e0 visiter notre page \u00ab <a href=\"\/market-insights\/\">Market Insights<\/a> \u00bb o\u00f9 nous publions des articles et entrevues sur notre vision du march\u00e9.<\/p>\n[\/vc_column_text][vc_empty_space][vc_empty_space][vc_custom_heading text=\u00a0\u00bbNos partenaires\u00a0\u00bb font_container=\u00a0\u00bbtag:h2|text_align:center\u00a0\u00bb google_fonts=\u00a0\u00bbfont_family:Poiret%20One%3Aregular|font_style:400%20regular%3A400%3Anormal\u00a0\u00bb][vc_empty_space height=\u00a0\u00bb20px\u00a0\u00bb]<div class=\"vcex-module vcex-image-grid wpex-row clr grid-style-default\"><div class=\"id-380 vcex-image-grid-entry span_1_of_6 col col-1\"><figure class=\"vcex-image-grid-entry-figure clr\"><div class=\"vcex-image-grid-entry-img clr\"><img loading=\"lazy\" decoding=\"async\" width=\"300\" height=\"100\" src=\"https:\/\/btglobal.ca\/wp-content\/uploads\/2019\/06\/PwC-Logo.jpg\" class=\"attachment-full size-full\" alt=\"PwC-Logo\" \/><\/div><\/figure><\/div><div class=\"id-338 vcex-image-grid-entry span_1_of_6 col col-2\"><figure class=\"vcex-image-grid-entry-figure clr\"><div class=\"vcex-image-grid-entry-img clr\"><img loading=\"lazy\" decoding=\"async\" width=\"300\" height=\"100\" src=\"https:\/\/btglobal.ca\/wp-content\/uploads\/2019\/03\/CIBC-Logo.jpg\" class=\"attachment-full size-full\" alt=\"CIBC-Logo\" \/><\/div><\/figure><\/div><div class=\"id-342 vcex-image-grid-entry span_1_of_6 col col-3\"><figure class=\"vcex-image-grid-entry-figure clr\"><div class=\"vcex-image-grid-entry-img clr\"><img loading=\"lazy\" decoding=\"async\" width=\"300\" height=\"100\" src=\"https:\/\/btglobal.ca\/wp-content\/uploads\/2019\/03\/The-Solution-People.jpg\" class=\"attachment-full size-full\" alt=\"The-Solution-People\" \/><\/div><\/figure><\/div><div class=\"id-777 vcex-image-grid-entry span_1_of_6 col col-4\"><figure class=\"vcex-image-grid-entry-figure clr\"><div class=\"vcex-image-grid-entry-img clr\"><img loading=\"lazy\" decoding=\"async\" width=\"300\" height=\"100\" src=\"https:\/\/btglobal.ca\/wp-content\/uploads\/2021\/11\/Stifel-GMP.jpg\" class=\"attachment-full size-full\" alt=\"Stifel GMP\" \/><\/div><\/figure><\/div><div class=\"id-775 vcex-image-grid-entry span_1_of_6 col col-5\"><figure class=\"vcex-image-grid-entry-figure clr\"><div class=\"vcex-image-grid-entry-img clr\"><img loading=\"lazy\" decoding=\"async\" width=\"300\" height=\"100\" src=\"https:\/\/btglobal.ca\/wp-content\/uploads\/2021\/11\/Canaccord-Logo.jpg\" class=\"attachment-full size-full\" alt=\"Canaccord Logo\" \/><\/div><\/figure><\/div><div class=\"id-340 vcex-image-grid-entry span_1_of_6 col col-6\"><figure class=\"vcex-image-grid-entry-figure clr\"><div class=\"vcex-image-grid-entry-img clr\"><img loading=\"lazy\" decoding=\"async\" width=\"300\" height=\"100\" src=\"https:\/\/btglobal.ca\/wp-content\/uploads\/2019\/03\/MAAM-Logo.jpg\" class=\"attachment-full size-full\" alt=\"MAAM-Logo\" \/><\/div><\/figure><\/div><\/div>[\/vc_column][\/vc_row]\n","protected":false},"excerpt":{"rendered":"<p>[vc_row css=\u00a0\u00bb.vc_custom_1560464546796{margin-top: 30px !important;}\u00a0\u00bb][vc_column][vc_custom_heading text=\u00a0\u00bbFonds de couverture \u00e0 Montr\u00e9al\u00a0\u00bb font_container=\u00a0\u00bbtag:h1|text_align:left\u00a0\u00bb google_fonts=\u00a0\u00bbfont_family:Poiret%20One%3Aregular|font_style:400%20regular%3A400%3Anormal\u00a0\u00bb][vc_column_text] Le Fonds de couverture montr\u00e9alais BT Global Growth a \u00e9t\u00e9\u00a0fond\u00e9 en 2006 par M.\u00a0Paul Beattie et M.\u00a0Jacques Lacroix. Depuis sa cr\u00e9ation, le Fonds a r\u00e9alis\u00e9 des rendements alpha. En&hellip;<\/p>\n","protected":false},"author":1,"featured_media":0,"parent":0,"menu_order":1,"comment_status":"closed","ping_status":"closed","template":"","meta":{"footnotes":""},"class_list":["post-186","page","type-page","status-publish","hentry","entry","no-media"],"yoast_head":"<!-- This site is optimized with the Yoast SEO plugin v26.8 - https:\/\/yoast.com\/product\/yoast-seo-wordpress\/ -->\n<title>BT Global Growth - Fonds de couverture montr\u00e9alais<\/title>\n<meta name=\"description\" content=\"Le Fonds de couverture montr\u00e9alais BT Global Growth a \u00e9t\u00e9 fond\u00e9 en 2006. Le fonds n\u2019utilise aucun effet de levier pour g\u00e9n\u00e9rer des rendements.\" \/>\n<meta name=\"robots\" content=\"index, follow, max-snippet:-1, max-image-preview:large, max-video-preview:-1\" \/>\n<link rel=\"canonical\" href=\"https:\/\/btglobal.ca\/fr\/\" \/>\n<meta property=\"og:locale\" content=\"fr_FR\" \/>\n<meta property=\"og:type\" content=\"article\" \/>\n<meta property=\"og:title\" content=\"BT Global Growth - Fonds de couverture montr\u00e9alais\" \/>\n<meta property=\"og:description\" content=\"Le Fonds de couverture montr\u00e9alais BT Global Growth a \u00e9t\u00e9 fond\u00e9 en 2006. Le fonds n\u2019utilise aucun effet de levier pour g\u00e9n\u00e9rer des rendements.\" \/>\n<meta property=\"og:url\" content=\"https:\/\/btglobal.ca\/fr\/\" \/>\n<meta property=\"og:site_name\" content=\"BT Global Growth\" \/>\n<meta property=\"article:publisher\" content=\"https:\/\/www.facebook.com\/btglobalgrowth\/\" \/>\n<meta property=\"article:modified_time\" content=\"2026-03-26T18:51:11+00:00\" \/>\n<meta name=\"twitter:card\" content=\"summary_large_image\" \/>\n<meta name=\"twitter:label1\" content=\"Dur\u00e9e de lecture estim\u00e9e\" \/>\n\t<meta name=\"twitter:data1\" content=\"2 minutes\" \/>\n<script type=\"application\/ld+json\" class=\"yoast-schema-graph\">{\"@context\":\"https:\/\/schema.org\",\"@graph\":[{\"@type\":\"WebPage\",\"@id\":\"https:\/\/btglobal.ca\/fr\/\",\"url\":\"https:\/\/btglobal.ca\/fr\/\",\"name\":\"BT Global Growth - Fonds de couverture montr\u00e9alais\",\"isPartOf\":{\"@id\":\"https:\/\/btglobal.ca\/#website\"},\"datePublished\":\"2017-07-23T02:03:27+00:00\",\"dateModified\":\"2026-03-26T18:51:11+00:00\",\"description\":\"Le Fonds de couverture montr\u00e9alais BT Global Growth a \u00e9t\u00e9 fond\u00e9 en 2006. Le fonds n\u2019utilise aucun effet de levier pour g\u00e9n\u00e9rer des rendements.\",\"breadcrumb\":{\"@id\":\"https:\/\/btglobal.ca\/fr\/#breadcrumb\"},\"inLanguage\":\"fr-FR\",\"potentialAction\":[{\"@type\":\"ReadAction\",\"target\":[\"https:\/\/btglobal.ca\/fr\/\"]}]},{\"@type\":\"BreadcrumbList\",\"@id\":\"https:\/\/btglobal.ca\/fr\/#breadcrumb\",\"itemListElement\":[{\"@type\":\"ListItem\",\"position\":1,\"name\":\"Home\",\"item\":\"https:\/\/btglobal.ca\/fr\/\"},{\"@type\":\"ListItem\",\"position\":2,\"name\":\"Accueil\"}]},{\"@type\":\"WebSite\",\"@id\":\"https:\/\/btglobal.ca\/#website\",\"url\":\"https:\/\/btglobal.ca\/\",\"name\":\"BT Global Growth\",\"description\":\"Montreal Based Canadian Hedge Fund\",\"publisher\":{\"@id\":\"https:\/\/btglobal.ca\/#organization\"},\"potentialAction\":[{\"@type\":\"SearchAction\",\"target\":{\"@type\":\"EntryPoint\",\"urlTemplate\":\"https:\/\/btglobal.ca\/?s={search_term_string}\"},\"query-input\":{\"@type\":\"PropertyValueSpecification\",\"valueRequired\":true,\"valueName\":\"search_term_string\"}}],\"inLanguage\":\"fr-FR\"},{\"@type\":\"Organization\",\"@id\":\"https:\/\/btglobal.ca\/#organization\",\"name\":\"BT Global Growth\",\"url\":\"https:\/\/btglobal.ca\/\",\"logo\":{\"@type\":\"ImageObject\",\"inLanguage\":\"fr-FR\",\"@id\":\"https:\/\/btglobal.ca\/#\/schema\/logo\/image\/\",\"url\":\"http:\/\/btglobal.ca\/wp-content\/uploads\/2017\/07\/BT-Global-Logo.png\",\"contentUrl\":\"http:\/\/btglobal.ca\/wp-content\/uploads\/2017\/07\/BT-Global-Logo.png\",\"width\":240,\"height\":70,\"caption\":\"BT Global Growth\"},\"image\":{\"@id\":\"https:\/\/btglobal.ca\/#\/schema\/logo\/image\/\"},\"sameAs\":[\"https:\/\/www.facebook.com\/btglobalgrowth\/\",\"https:\/\/www.linkedin.com\/company\/bt-global-growth\",\"https:\/\/www.youtube.com\/channel\/UCuhqF9NEZhd6TEF5c7seY1A\"]}]}<\/script>\n<!-- \/ Yoast SEO plugin. -->","yoast_head_json":{"title":"BT Global Growth - Fonds de couverture montr\u00e9alais","description":"Le Fonds de couverture montr\u00e9alais BT Global Growth a \u00e9t\u00e9 fond\u00e9 en 2006. Le fonds n\u2019utilise aucun effet de levier pour g\u00e9n\u00e9rer des rendements.","robots":{"index":"index","follow":"follow","max-snippet":"max-snippet:-1","max-image-preview":"max-image-preview:large","max-video-preview":"max-video-preview:-1"},"canonical":"https:\/\/btglobal.ca\/fr\/","og_locale":"fr_FR","og_type":"article","og_title":"BT Global Growth - Fonds de couverture montr\u00e9alais","og_description":"Le Fonds de couverture montr\u00e9alais BT Global Growth a \u00e9t\u00e9 fond\u00e9 en 2006. Le fonds n\u2019utilise aucun effet de levier pour g\u00e9n\u00e9rer des rendements.","og_url":"https:\/\/btglobal.ca\/fr\/","og_site_name":"BT Global Growth","article_publisher":"https:\/\/www.facebook.com\/btglobalgrowth\/","article_modified_time":"2026-03-26T18:51:11+00:00","twitter_card":"summary_large_image","twitter_misc":{"Dur\u00e9e de lecture estim\u00e9e":"2 minutes"},"schema":{"@context":"https:\/\/schema.org","@graph":[{"@type":"WebPage","@id":"https:\/\/btglobal.ca\/fr\/","url":"https:\/\/btglobal.ca\/fr\/","name":"BT Global Growth - Fonds de couverture montr\u00e9alais","isPartOf":{"@id":"https:\/\/btglobal.ca\/#website"},"datePublished":"2017-07-23T02:03:27+00:00","dateModified":"2026-03-26T18:51:11+00:00","description":"Le Fonds de couverture montr\u00e9alais BT Global Growth a \u00e9t\u00e9 fond\u00e9 en 2006. Le fonds n\u2019utilise aucun effet de levier pour g\u00e9n\u00e9rer des rendements.","breadcrumb":{"@id":"https:\/\/btglobal.ca\/fr\/#breadcrumb"},"inLanguage":"fr-FR","potentialAction":[{"@type":"ReadAction","target":["https:\/\/btglobal.ca\/fr\/"]}]},{"@type":"BreadcrumbList","@id":"https:\/\/btglobal.ca\/fr\/#breadcrumb","itemListElement":[{"@type":"ListItem","position":1,"name":"Home","item":"https:\/\/btglobal.ca\/fr\/"},{"@type":"ListItem","position":2,"name":"Accueil"}]},{"@type":"WebSite","@id":"https:\/\/btglobal.ca\/#website","url":"https:\/\/btglobal.ca\/","name":"BT Global Growth","description":"Montreal Based Canadian Hedge Fund","publisher":{"@id":"https:\/\/btglobal.ca\/#organization"},"potentialAction":[{"@type":"SearchAction","target":{"@type":"EntryPoint","urlTemplate":"https:\/\/btglobal.ca\/?s={search_term_string}"},"query-input":{"@type":"PropertyValueSpecification","valueRequired":true,"valueName":"search_term_string"}}],"inLanguage":"fr-FR"},{"@type":"Organization","@id":"https:\/\/btglobal.ca\/#organization","name":"BT Global Growth","url":"https:\/\/btglobal.ca\/","logo":{"@type":"ImageObject","inLanguage":"fr-FR","@id":"https:\/\/btglobal.ca\/#\/schema\/logo\/image\/","url":"http:\/\/btglobal.ca\/wp-content\/uploads\/2017\/07\/BT-Global-Logo.png","contentUrl":"http:\/\/btglobal.ca\/wp-content\/uploads\/2017\/07\/BT-Global-Logo.png","width":240,"height":70,"caption":"BT Global Growth"},"image":{"@id":"https:\/\/btglobal.ca\/#\/schema\/logo\/image\/"},"sameAs":["https:\/\/www.facebook.com\/btglobalgrowth\/","https:\/\/www.linkedin.com\/company\/bt-global-growth","https:\/\/www.youtube.com\/channel\/UCuhqF9NEZhd6TEF5c7seY1A"]}]}},"_links":{"self":[{"href":"https:\/\/btglobal.ca\/fr\/wp-json\/wp\/v2\/pages\/186\/"}],"collection":[{"href":"https:\/\/btglobal.ca\/fr\/wp-json\/wp\/v2\/pages\/"}],"about":[{"href":"https:\/\/btglobal.ca\/fr\/wp-json\/wp\/v2\/types\/page\/"}],"author":[{"embeddable":true,"href":"https:\/\/btglobal.ca\/fr\/wp-json\/wp\/v2\/users\/1\/"}],"replies":[{"embeddable":true,"href":"https:\/\/btglobal.ca\/fr\/wp-json\/wp\/v2\/comments\/?post=186"}],"version-history":[{"count":57,"href":"https:\/\/btglobal.ca\/fr\/wp-json\/wp\/v2\/pages\/186\/revisions\/"}],"predecessor-version":[{"id":2185,"href":"https:\/\/btglobal.ca\/fr\/wp-json\/wp\/v2\/pages\/186\/revisions\/2185\/"}],"wp:attachment":[{"href":"https:\/\/btglobal.ca\/fr\/wp-json\/wp\/v2\/media\/?parent=186"}],"curies":[{"name":"wp","href":"https:\/\/api.w.org\/{rel}","templated":true}]}}