{"id":182,"date":"2017-07-22T21:52:00","date_gmt":"2017-07-23T01:52:00","guid":{"rendered":"http:\/\/btglobal.ca\/?page_id=182\/"},"modified":"2025-10-20T12:58:03","modified_gmt":"2025-10-20T16:58:03","slug":"nous-joindre","status":"publish","type":"page","link":"https:\/\/btglobal.ca\/fr\/nous-joindre\/","title":{"rendered":"Nous joindre"},"content":{"rendered":"[vc_row full_width=\u00a0\u00bbstretch_row_content\u00a0\u00bb][vc_column][vc_gmaps link=\u00a0\u00bb#E-8_JTNDaWZyYW1lJTIwc3JjJTNEJTIyaHR0cHMlM0ElMkYlMkZ3d3cuZ29vZ2xlLmNvbSUyRm1hcHMlMkZlbWJlZCUzRnBiJTNEJTIxMW0xNCUyMTFtOCUyMTFtMyUyMTFkNTU5Mi44NDY3NzkxMzI5OTUlMjEyZC03My41NzQ1MzUlMjEzZDQ1LjUwMTU1NSUyMTNtMiUyMTFpMTAyNCUyMTJpNzY4JTIxNGYxMy4xJTIxM20zJTIxMW0yJTIxMXMweDAlMjUzQTB4M2U4YzNlYjcxOWIyNWUyMCUyMTJzQlQlMkJHbG9iYWwlMkJHcm93dGglMjE1ZTAlMjEzbTIlMjExc2VuJTIxMnN1cyUyMTR2MTU1MjM4MzIyNzY5MCUyMiUyMHdpZHRoJTNEJTIyNjAwJTIyJTIwaGVpZ2h0JTNEJTIyNDUwJTIyJTIwZnJhbWVib3JkZXIlM0QlMjIwJTIyJTIwc3R5bGUlM0QlMjJib3JkZXIlM0EwJTIyJTIwYWxsb3dmdWxsc2NyZWVuJTNFJTNDJTJGaWZyYW1lJTNF\u00a0\u00bb][\/vc_column][\/vc_row][vc_row][vc_column][vc_custom_heading text=\u00a0\u00bbFonds de couverture \u00e0 Montr\u00e9al\u00a0\u00bb font_container=\u00a0\u00bbtag:h1|font_size:30|text_align:left\u00a0\u00bb google_fonts=\u00a0\u00bbfont_family:Poiret%20One%3Aregular|font_style:400%20regular%3A400%3Anormal\u00a0\u00bb][vc_column_text css=\u00a0\u00bb.vc_custom_1760979481130{margin-bottom: 32px !important;}\u00a0\u00bb]\n<p style=\"text-align: justify;\">Le Fonds d\u2019investissement montr\u00e9alais BT Global Growth fait parti des plus importants <a href=\"\/fr\/fonds-dinvestissement\/\">fonds de couverture au Canada<\/a>. Nous nous sp\u00e9cialisons dans les investissements d\u2019actions \u00ab\u00a0long \/ short\u00a0\u00bb. \u00a0Nous avons eu l\u2019immense plaisir d\u2019investir des capitaux de la part de certains des chefs d\u2019entreprise les plus prosp\u00e8res au Canada.<\/p>\n<p style=\"text-align: justify;\">Si vous envisagez de diversifier votre portefeuille actuel, nous vous invitons \u00e0 nous contacter d\u00e8s aujourd\u2019hui pour discuter des occasions d\u2019investissement potentielles. Il nous fera plaisir de r\u00e9pondre \u00e0 toutes vos questions et de discuter avec vous de vos objectifs d\u2019investissement, de notre Fonds, ainsi que de nos divers <a href=\"\/fr\/philosophie-dinvestissement\/\">th\u00e8mes d\u2019investissement<\/a>. Vous pouvez nous rencontrer en personne, ou encore nous rejoindre par t\u00e9l\u00e9phone ou par courriel. Vous pouvez \u00e9galement nous envoyer un message personnalis\u00e9 en utilisant le formulaire de contact ci-dessous.<\/p>\n<p style=\"text-align: justify;\">Nous vous invitons \u00e9galement \u00e0 visiter et \u00e0 suivre notre <a href=\"https:\/\/www.linkedin.com\/company\/bt-global-growth\" target=\"_blank\" rel=\"noopener noreferrer\">page\u00a0LinkedIn<\/a> afin de demeurer au courant de nos plus r\u00e9centes nouvelles.\u00a0<span lang=\"FR-CA\">De plus, vous pouvez visiter notre page \u00ab <a href=\"\/market-insights\/\">Market Insights<\/a> \u00bb o\u00f9 nous publions des articles et entrevues sur notre vision du march\u00e9.<\/span><\/p>\n<p>&nbsp;<\/p>\n[\/vc_column_text][vc_btn title=\u00a0\u00bbPlanifiez une r\u00e9union avec Paul Beattie\u00a0\u00bb style=\u00a0\u00bbcustom\u00a0\u00bb custom_background=\u00a0\u00bb#30557e\u00a0\u00bb custom_text=\u00a0\u00bb#ffffff\u00a0\u00bb i_icon_fontawesome=\u00a0\u00bbfa fa-calendar-plus-o\u00a0\u00bb add_icon=\u00a0\u00bbtrue\u00a0\u00bb link=\u00a0\u00bburl:https%3A%2F%2Fcalendly.com%2Fpbeattie-btglobal%2F30min||target:%20_blank|\u00a0\u00bb css=\u00a0\u00bb.vc_custom_1760979450062{margin-top: 32px !important;border-radius: 4px !important;}\u00a0\u00bb][\/vc_column][\/vc_row][vc_row][vc_column width=\u00a0\u00bb1\/3&Prime;][vc_column_text]\n<h2>BT Global Growth<\/h2>\n<p><strong>Adresse<\/strong><\/p>\n<p>1001 Boulevard de Maisonneuve Ouest, #205<br \/>\nMontr\u00e9al, Qu\u00e9bec, H3A 3C8<br \/>\nCanada<\/p>\n<p><strong>T\u00e9l\u00e9phone<\/strong><\/p>\n<p><a href=\"tel:5149078071\">(514) 907-8071<\/a>[\/vc_column_text][\/vc_column][vc_column width=\u00a0\u00bb2\/3&Prime;][vc_raw_html]JTNDc2NyaXB0JTIwdHlwZSUzRCUyMnRleHQlMkZqYXZhc2NyaXB0JTIyJTIwc3JjJTNEJTIyaHR0cHMlM0ElMkYlMkZmb3JtLmpvdGZvcm0uY29tJTJGanNmb3JtJTJGNjMxMDc2NTgwMTIyNDglMjIlM0UlM0MlMkZzY3JpcHQlM0U=[\/vc_raw_html][\/vc_column][\/vc_row]\n","protected":false},"excerpt":{"rendered":"<p>[vc_row full_width=\u00a0\u00bbstretch_row_content\u00a0\u00bb][vc_column][vc_gmaps link=\u00a0\u00bb#E-8_JTNDaWZyYW1lJTIwc3JjJTNEJTIyaHR0cHMlM0ElMkYlMkZ3d3cuZ29vZ2xlLmNvbSUyRm1hcHMlMkZlbWJlZCUzRnBiJTNEJTIxMW0xNCUyMTFtOCUyMTFtMyUyMTFkNTU5Mi44NDY3NzkxMzI5OTUlMjEyZC03My41NzQ1MzUlMjEzZDQ1LjUwMTU1NSUyMTNtMiUyMTFpMTAyNCUyMTJpNzY4JTIxNGYxMy4xJTIxM20zJTIxMW0yJTIxMXMweDAlMjUzQTB4M2U4YzNlYjcxOWIyNWUyMCUyMTJzQlQlMkJHbG9iYWwlMkJHcm93dGglMjE1ZTAlMjEzbTIlMjExc2VuJTIxMnN1cyUyMTR2MTU1MjM4MzIyNzY5MCUyMiUyMHdpZHRoJTNEJTIyNjAwJTIyJTIwaGVpZ2h0JTNEJTIyNDUwJTIyJTIwZnJhbWVib3JkZXIlM0QlMjIwJTIyJTIwc3R5bGUlM0QlMjJib3JkZXIlM0EwJTIyJTIwYWxsb3dmdWxsc2NyZWVuJTNFJTNDJTJGaWZyYW1lJTNF\u00a0\u00bb][\/vc_column][\/vc_row][vc_row][vc_column][vc_custom_heading text=\u00a0\u00bbFonds de couverture \u00e0 Montr\u00e9al\u00a0\u00bb font_container=\u00a0\u00bbtag:h1|font_size:30|text_align:left\u00a0\u00bb google_fonts=\u00a0\u00bbfont_family:Poiret%20One%3Aregular|font_style:400%20regular%3A400%3Anormal\u00a0\u00bb][vc_column_text css=\u00a0\u00bb.vc_custom_1760979481130{margin-bottom: 32px !important;}\u00a0\u00bb] Le Fonds d\u2019investissement montr\u00e9alais BT Global Growth fait parti des plus importants fonds de couverture au Canada. Nous nous sp\u00e9cialisons dans les investissements d\u2019actions \u00ab\u00a0long \/ short\u00a0\u00bb.&hellip;<\/p>\n","protected":false},"author":1,"featured_media":0,"parent":0,"menu_order":5,"comment_status":"closed","ping_status":"closed","template":"","meta":{"footnotes":""},"class_list":["post-182","page","type-page","status-publish","hentry","entry","no-media"],"yoast_head":"<!-- This site is optimized with the Yoast SEO plugin v26.8 - https:\/\/yoast.com\/product\/yoast-seo-wordpress\/ -->\n<title>Fonds de couverture \u00e0 Montr\u00e9al - BT Global Growth<\/title>\n<meta name=\"description\" content=\"Notre organisation est situ\u00e9e \u00e0 Montr\u00e9al. Pour apprendre davantage sur notre fonds de couverture, contactez-nous \u00e0 (514) 907-8071.\" \/>\n<meta name=\"robots\" content=\"index, follow, max-snippet:-1, max-image-preview:large, max-video-preview:-1\" \/>\n<link rel=\"canonical\" href=\"https:\/\/btglobal.ca\/fr\/nous-joindre\/\" \/>\n<meta property=\"og:locale\" content=\"fr_FR\" \/>\n<meta property=\"og:type\" content=\"article\" \/>\n<meta property=\"og:title\" content=\"Fonds de couverture \u00e0 Montr\u00e9al - BT Global Growth\" \/>\n<meta property=\"og:description\" content=\"Notre organisation est situ\u00e9e \u00e0 Montr\u00e9al. Pour apprendre davantage sur notre fonds de couverture, contactez-nous \u00e0 (514) 907-8071.\" \/>\n<meta property=\"og:url\" content=\"https:\/\/btglobal.ca\/fr\/nous-joindre\/\" \/>\n<meta property=\"og:site_name\" content=\"BT Global Growth\" \/>\n<meta property=\"article:publisher\" content=\"https:\/\/www.facebook.com\/btglobalgrowth\/\" \/>\n<meta property=\"article:modified_time\" content=\"2025-10-20T16:58:03+00:00\" \/>\n<meta name=\"twitter:card\" content=\"summary_large_image\" \/>\n<meta name=\"twitter:label1\" content=\"Dur\u00e9e de lecture estim\u00e9e\" \/>\n\t<meta name=\"twitter:data1\" content=\"1 minute\" \/>\n<script type=\"application\/ld+json\" class=\"yoast-schema-graph\">{\"@context\":\"https:\/\/schema.org\",\"@graph\":[{\"@type\":\"WebPage\",\"@id\":\"https:\/\/btglobal.ca\/fr\/nous-joindre\/\",\"url\":\"https:\/\/btglobal.ca\/fr\/nous-joindre\/\",\"name\":\"Fonds de couverture \u00e0 Montr\u00e9al - BT Global Growth\",\"isPartOf\":{\"@id\":\"https:\/\/btglobal.ca\/#website\"},\"datePublished\":\"2017-07-23T01:52:00+00:00\",\"dateModified\":\"2025-10-20T16:58:03+00:00\",\"description\":\"Notre organisation est situ\u00e9e \u00e0 Montr\u00e9al. Pour apprendre davantage sur notre fonds de couverture, contactez-nous \u00e0 (514) 907-8071.\",\"breadcrumb\":{\"@id\":\"https:\/\/btglobal.ca\/fr\/nous-joindre\/#breadcrumb\"},\"inLanguage\":\"fr-FR\",\"potentialAction\":[{\"@type\":\"ReadAction\",\"target\":[\"https:\/\/btglobal.ca\/fr\/nous-joindre\/\"]}]},{\"@type\":\"BreadcrumbList\",\"@id\":\"https:\/\/btglobal.ca\/fr\/nous-joindre\/#breadcrumb\",\"itemListElement\":[{\"@type\":\"ListItem\",\"position\":1,\"name\":\"Home\",\"item\":\"https:\/\/btglobal.ca\/fr\/\"},{\"@type\":\"ListItem\",\"position\":2,\"name\":\"Nous joindre\"}]},{\"@type\":\"WebSite\",\"@id\":\"https:\/\/btglobal.ca\/#website\",\"url\":\"https:\/\/btglobal.ca\/\",\"name\":\"BT Global Growth\",\"description\":\"Montreal Based Canadian Hedge Fund\",\"publisher\":{\"@id\":\"https:\/\/btglobal.ca\/#organization\"},\"potentialAction\":[{\"@type\":\"SearchAction\",\"target\":{\"@type\":\"EntryPoint\",\"urlTemplate\":\"https:\/\/btglobal.ca\/?s={search_term_string}\"},\"query-input\":{\"@type\":\"PropertyValueSpecification\",\"valueRequired\":true,\"valueName\":\"search_term_string\"}}],\"inLanguage\":\"fr-FR\"},{\"@type\":\"Organization\",\"@id\":\"https:\/\/btglobal.ca\/#organization\",\"name\":\"BT Global Growth\",\"url\":\"https:\/\/btglobal.ca\/\",\"logo\":{\"@type\":\"ImageObject\",\"inLanguage\":\"fr-FR\",\"@id\":\"https:\/\/btglobal.ca\/#\/schema\/logo\/image\/\",\"url\":\"http:\/\/btglobal.ca\/wp-content\/uploads\/2017\/07\/BT-Global-Logo.png\",\"contentUrl\":\"http:\/\/btglobal.ca\/wp-content\/uploads\/2017\/07\/BT-Global-Logo.png\",\"width\":240,\"height\":70,\"caption\":\"BT Global Growth\"},\"image\":{\"@id\":\"https:\/\/btglobal.ca\/#\/schema\/logo\/image\/\"},\"sameAs\":[\"https:\/\/www.facebook.com\/btglobalgrowth\/\",\"https:\/\/www.linkedin.com\/company\/bt-global-growth\",\"https:\/\/www.youtube.com\/channel\/UCuhqF9NEZhd6TEF5c7seY1A\"]}]}<\/script>\n<!-- \/ Yoast SEO plugin. -->","yoast_head_json":{"title":"Fonds de couverture \u00e0 Montr\u00e9al - BT Global Growth","description":"Notre organisation est situ\u00e9e \u00e0 Montr\u00e9al. Pour apprendre davantage sur notre fonds de couverture, contactez-nous \u00e0 (514) 907-8071.","robots":{"index":"index","follow":"follow","max-snippet":"max-snippet:-1","max-image-preview":"max-image-preview:large","max-video-preview":"max-video-preview:-1"},"canonical":"https:\/\/btglobal.ca\/fr\/nous-joindre\/","og_locale":"fr_FR","og_type":"article","og_title":"Fonds de couverture \u00e0 Montr\u00e9al - BT Global Growth","og_description":"Notre organisation est situ\u00e9e \u00e0 Montr\u00e9al. Pour apprendre davantage sur notre fonds de couverture, contactez-nous \u00e0 (514) 907-8071.","og_url":"https:\/\/btglobal.ca\/fr\/nous-joindre\/","og_site_name":"BT Global Growth","article_publisher":"https:\/\/www.facebook.com\/btglobalgrowth\/","article_modified_time":"2025-10-20T16:58:03+00:00","twitter_card":"summary_large_image","twitter_misc":{"Dur\u00e9e de lecture estim\u00e9e":"1 minute"},"schema":{"@context":"https:\/\/schema.org","@graph":[{"@type":"WebPage","@id":"https:\/\/btglobal.ca\/fr\/nous-joindre\/","url":"https:\/\/btglobal.ca\/fr\/nous-joindre\/","name":"Fonds de couverture \u00e0 Montr\u00e9al - BT Global Growth","isPartOf":{"@id":"https:\/\/btglobal.ca\/#website"},"datePublished":"2017-07-23T01:52:00+00:00","dateModified":"2025-10-20T16:58:03+00:00","description":"Notre organisation est situ\u00e9e \u00e0 Montr\u00e9al. Pour apprendre davantage sur notre fonds de couverture, contactez-nous \u00e0 (514) 907-8071.","breadcrumb":{"@id":"https:\/\/btglobal.ca\/fr\/nous-joindre\/#breadcrumb"},"inLanguage":"fr-FR","potentialAction":[{"@type":"ReadAction","target":["https:\/\/btglobal.ca\/fr\/nous-joindre\/"]}]},{"@type":"BreadcrumbList","@id":"https:\/\/btglobal.ca\/fr\/nous-joindre\/#breadcrumb","itemListElement":[{"@type":"ListItem","position":1,"name":"Home","item":"https:\/\/btglobal.ca\/fr\/"},{"@type":"ListItem","position":2,"name":"Nous joindre"}]},{"@type":"WebSite","@id":"https:\/\/btglobal.ca\/#website","url":"https:\/\/btglobal.ca\/","name":"BT Global Growth","description":"Montreal Based Canadian Hedge Fund","publisher":{"@id":"https:\/\/btglobal.ca\/#organization"},"potentialAction":[{"@type":"SearchAction","target":{"@type":"EntryPoint","urlTemplate":"https:\/\/btglobal.ca\/?s={search_term_string}"},"query-input":{"@type":"PropertyValueSpecification","valueRequired":true,"valueName":"search_term_string"}}],"inLanguage":"fr-FR"},{"@type":"Organization","@id":"https:\/\/btglobal.ca\/#organization","name":"BT Global Growth","url":"https:\/\/btglobal.ca\/","logo":{"@type":"ImageObject","inLanguage":"fr-FR","@id":"https:\/\/btglobal.ca\/#\/schema\/logo\/image\/","url":"http:\/\/btglobal.ca\/wp-content\/uploads\/2017\/07\/BT-Global-Logo.png","contentUrl":"http:\/\/btglobal.ca\/wp-content\/uploads\/2017\/07\/BT-Global-Logo.png","width":240,"height":70,"caption":"BT Global Growth"},"image":{"@id":"https:\/\/btglobal.ca\/#\/schema\/logo\/image\/"},"sameAs":["https:\/\/www.facebook.com\/btglobalgrowth\/","https:\/\/www.linkedin.com\/company\/bt-global-growth","https:\/\/www.youtube.com\/channel\/UCuhqF9NEZhd6TEF5c7seY1A"]}]}},"_links":{"self":[{"href":"https:\/\/btglobal.ca\/fr\/wp-json\/wp\/v2\/pages\/182\/"}],"collection":[{"href":"https:\/\/btglobal.ca\/fr\/wp-json\/wp\/v2\/pages\/"}],"about":[{"href":"https:\/\/btglobal.ca\/fr\/wp-json\/wp\/v2\/types\/page\/"}],"author":[{"embeddable":true,"href":"https:\/\/btglobal.ca\/fr\/wp-json\/wp\/v2\/users\/1\/"}],"replies":[{"embeddable":true,"href":"https:\/\/btglobal.ca\/fr\/wp-json\/wp\/v2\/comments\/?post=182"}],"version-history":[{"count":9,"href":"https:\/\/btglobal.ca\/fr\/wp-json\/wp\/v2\/pages\/182\/revisions\/"}],"predecessor-version":[{"id":2040,"href":"https:\/\/btglobal.ca\/fr\/wp-json\/wp\/v2\/pages\/182\/revisions\/2040\/"}],"wp:attachment":[{"href":"https:\/\/btglobal.ca\/fr\/wp-json\/wp\/v2\/media\/?parent=182"}],"curies":[{"name":"wp","href":"https:\/\/api.w.org\/{rel}","templated":true}]}}