{"id":180,"date":"2017-07-22T21:42:27","date_gmt":"2017-07-23T01:42:27","guid":{"rendered":"http:\/\/btglobal.ca\/?page_id=180\/"},"modified":"2025-09-25T12:54:02","modified_gmt":"2025-09-25T16:54:02","slug":"philosophie-dinvestissement","status":"publish","type":"page","link":"https:\/\/btglobal.ca\/fr\/philosophie-dinvestissement\/","title":{"rendered":"Philosophie d&rsquo;investissement"},"content":{"rendered":"[vc_row][vc_column][vc_custom_heading text=\u00a0\u00bbPhilosophie d&rsquo;investissement\u00a0\u00bb font_container=\u00a0\u00bbtag:h1|font_size:30|text_align:left\u00a0\u00bb google_fonts=\u00a0\u00bbfont_family:Poiret%20One%3Aregular|font_style:400%20regular%3A400%3Anormal\u00a0\u00bb][vc_column_text]\n<p style=\"text-align: justify;\">La philosophie d\u2019investissement repose sur une approche mondiale \u00e0 travers des actions canadiennes positionn\u00e9es ad\u00e9quatement pour profiter de la croissance notamment des pays \u00e9mergents. De plus, le Fonds BT Global Growth est activement impliqu\u00e9 sur le march\u00e9 des devises afin de couvrir le risque des impacts n\u00e9gatifs reli\u00e9s \u00e0 la croissance sans pr\u00e9c\u00e9dent de la masse mon\u00e9taire et la d\u00e9pr\u00e9ciation subs\u00e9quente des devises.<\/p>\n<p style=\"text-align: justify;\">Le Fonds <a href=\"\/fr\/fonds-dinvestissement\/\">BT Global Growth<\/a> est un fonds achat vente \u00ab long \/ short \u00bb. Ce <a href=\"\/fr\/fonds-dinvestissement\/\">fonds<\/a> a \u00e9t\u00e9 cr\u00e9\u00e9 afin de fournir aux investisseurs individus et familles canadiennes \u00e0 valeur nette \u00e9lev\u00e9e une opportunit\u00e9 d\u2019augmenter le rendement de leur portefeuille par l\u2019appr\u00e9ciation \u00e0 long terme de leur capital.<\/p>\n<h2 style=\"text-align: justify;\">Notre processus de g\u00e9n\u00e9ration d&rsquo;id\u00e9es<\/h2>\n[\/vc_column_text][vc_row_inner][vc_column_inner width=\u00a0\u00bb1\/2&Prime;][vc_column_text]\n<h3>Nos strat\u00e9gies internes<\/h3>\n<p style=\"text-align: justify;\">Nos th\u00e9matiques favorites incluent les tendances soutenues de croissance industrielle et d&rsquo;utilisation des ressources, l&rsquo;identification de th\u00e8mes sur-m\u00e9diatis\u00e9s ainsi que les tendances mondiales de croissance d\u00e9mographique, \u00e9conomique et de consommation de ressources.<\/p>\n[\/vc_column_text][vc_column_text]\n<h3>Validation par des sp\u00e9cialistes<\/h3>\n<p style=\"text-align: justify;\">Nous recherchons toujours \u00e0 valider nos id\u00e9es d&rsquo;investissement avec des sp\u00e9cialistes et des experts dans les industries concern\u00e9es. Par exemple nous avons des collaborateurs dans l&rsquo;industrie du p\u00e9trole et gaz, de l\u2019uranium, du secteur bancaire et financier, des m\u00e9taux pr\u00e9cieux, de l\u2019agriculture, de la sant\u00e9, du cannabis, des t\u00e9l\u00e9communications, ainsi que plusieurs autres secteurs. Ces discussions avec les experts de chaque industrie nous am\u00e8nent \u00e0 tester nos hypoth\u00e8ses afin de les rendre plus robustes.<\/p>\n[\/vc_column_text][\/vc_column_inner][vc_column_inner width=\u00a0\u00bb1\/2&Prime;][vc_column_text]\n<h3 style=\"text-align: justify;\">Recherche<\/h3>\n<p style=\"text-align: justify;\">L&rsquo;\u00e9quipe de gestion de BT Global Growth effectue des \u00e9tudes internes sur les tendances de divers march\u00e9s et industries. De plus, nous discutons sur une base r\u00e9guli\u00e8re avec des chefs d&rsquo;entreprises, des consultants, des experts ainsi que des analystes financiers.<\/p>\n[\/vc_column_text][vc_column_text]\n<h3>Collaboration avec nos investisseurs<\/h3>\n<p style=\"text-align: justify;\">Nos investisseurs sont tous des individus et des familles \u00e0\u00a0valeur nette \u00e9lev\u00e9e. Plusieurs d&rsquo;entre eux sont par ailleurs des experts dans leur industrie respective. Parmi eux se trouvent plus de 25 dirigeants senior d&rsquo;entreprises priv\u00e9es et cot\u00e9s en bourse poss\u00e9dant une vaste exp\u00e9rience dans leur domaine. Nous encourageons nos investisseurs \u00e0 partager leurs id\u00e9es et leur expertise.<\/p>\n[\/vc_column_text][\/vc_column_inner][\/vc_row_inner][vc_row_inner][vc_column_inner width=\u00a0\u00bb1\/2&Prime;][vc_column_text]\n<h2 style=\"text-align: justify;\">Notre processus de s\u00e9lection<\/h2>\n<ol style=\"text-align: justify;\">\n<li style=\"text-align: justify;\">Identifier les th\u00e9matiques de croissance mondiale.<\/li>\n<li style=\"text-align: justify;\">Analyser les flux mon\u00e9taires (ratio cours-flux bas).<\/li>\n<li style=\"text-align: justify;\">\u00c9tablir le profil comp\u00e9titif de l&rsquo;entreprise \u00e0 l&rsquo;\u00e9chelle mondiale.<\/li>\n<li style=\"text-align: justify;\">S&rsquo;assurer que l&rsquo;entreprise op\u00e8re au sein d&rsquo;une industrie oligopolistique.<\/li>\n<li style=\"text-align: justify;\">Examiner le bilan pour identifier les risques potentiels.<\/li>\n<li style=\"text-align: justify;\">Effectuer une analyse de sc\u00e9nario en consid\u00e9rant un changement dans le taux d&rsquo;inflation et le niveau de comp\u00e9tition.<\/li>\n<\/ol>\n<h2 style=\"text-align: justify;\">Th\u00e9matique d&rsquo;investissement<\/h2>\n[\/vc_column_text][\/vc_column_inner][vc_column_inner width=\u00a0\u00bb1\/2&Prime;][vc_empty_space height=\u00a0\u00bb35px\u00a0\u00bb][vc_single_image image=\u00a0\u00bb383&Prime; alignment=\u00a0\u00bbcenter\u00a0\u00bb][\/vc_column_inner][\/vc_row_inner][vc_row_inner][vc_column_inner width=\u00a0\u00bb1\/2&Prime;][vc_column_text]\n<ol>\n<li style=\"text-align: justify;\">La croissance du secteur des ressources b\u00e9n\u00e9ficiera au Canada autant qu\u2019\u00e0 l\u2019\u00e9conomie mondiale et aura un impact n\u00e9gatif sur certains secteurs de l\u2019\u00e9conomie.<\/li>\n<li style=\"text-align: justify;\">Les march\u00e9s \u00e9mergents verront l\u2019ascension de 300 \u00e0 400 million d\u2019individus \u00e0 la classe moyenne, ce qui cr\u00e9era l\u2019opportunit\u00e9 d\u2019investissement la plus judicieuse de notre g\u00e9n\u00e9ration.<\/li>\n<li style=\"text-align: justify;\">Pour les 5 \u00e0 10 prochaines ann\u00e9es, il est pr\u00e9f\u00e9rable d\u2019investir dans des actifs tangibles tels:\n<ul type=\"I\">\n<li>L&rsquo;or;<\/li>\n<li>L&rsquo;argent;<\/li>\n<li>Les ressources agriculturelles;<\/li>\n<\/ul>\n<\/li>\n<li style=\"text-align: justify;\"><span lang=\"FR-CA\">Les industries \u00ab\u00a0<\/span><span lang=\"FR-CA\">oligopolistique <\/span><span lang=\"FR-CA\">prot\u00e9g\u00e9s \u00bb canadiennes (banques, assurances, services publics et t\u00e9l\u00e9communications) sont, \u00e0 notre avis, pleinement valoris\u00e9es. Avec le progr\u00e8s technologique visant ces secteurs, nous ne croyons pas que leur avantage concurrentielle soit aussi durable que ce que le march\u00e9 pense et nous pr\u00e9f\u00e9rons investir notre argent ailleurs.<\/span><\/li>\n<li style=\"text-align: justify;\">\u00c9tant donn\u00e9 que les actifs financiers, incluant les actions des institutions financi\u00e8res ont \u00e9t\u00e9 de bons investissements pendant si longtemps, nous croyons que les investisseurs en sous estiment les risques. Les risques technologiques demeurent significatifs pour les banques canadiennes. Les entreprises autres que les banques dans le secteur\u00a0financier constituent des placements plus judicieux.<\/li>\n<\/ol>\n[\/vc_column_text][\/vc_column_inner][vc_column_inner width=\u00a0\u00bb1\/2&Prime;][vc_column_text]\n<ol start=\"6\">\n<li style=\"text-align: justify;\">L\u2019inflation et possiblement la \u00ab stagflation \u00bb est imminente :\n<ul>\n<li>Nous ne nous basons pas sur les donn\u00e9es gouvernementales concernant l\u2019indice des prix puisque plusieurs indications d\u00e9montrent que les statistiques d\u2019inflations sont sous-estim\u00e9es.<\/li>\n<li>Au fur et \u00e0 mesure que l\u2019inflation s\u2019infiltre dans notre \u00e9conomie, les obligations et les institutions financi\u00e8res ne sont pas des endroits judicieux o\u00f9 investir du capital.<\/li>\n<li>D\u2019autre part, un taux d\u2019inflation plus \u00e9lev\u00e9e produira davantage d\u2019opportunit\u00e9 de profiter de positons \u00e0 d\u00e9couvert.<\/li>\n<\/ul>\n<\/li>\n<li style=\"text-align: justify;\">Les soci\u00e9t\u00e9s \u00ab zombies \u00bb ont beaucoup de dette et une faible croissance, les positions longues doivent \u00eatre \u00e9vit\u00e9es. \u00c0 notre avis, ils auront beaucoup de difficult\u00e9 \u00e0 payer leur dette et ne pourront pas grandir par acquisitions ou par investissement en capital. Les soci\u00e9t\u00e9s \u00ab zombies \u00bb sont d\u2019int\u00e9ressantes ventes \u00e0 d\u00e9couvert.<\/li>\n<li style=\"text-align: justify;\">Le secteur des ressources profitera autant au Canada qu&rsquo;\u00e0 toute \u00e9conomie mondiale et aura des r\u00e9percussions n\u00e9gatives sur certains secteurs \u00e9conomiques.<\/li>\n<li style=\"text-align: justify;\">Nous pensons que le march\u00e9 haussier des obligations qui a dur\u00e9 <strong>35+<\/strong> ans est bel et bien termin\u00e9 !<\/li>\n<\/ol>\n[\/vc_column_text][\/vc_column_inner][\/vc_row_inner][vc_column_text]\n<h2>Gestion des risques<\/h2>\n[\/vc_column_text][vc_row_inner][vc_column_inner width=\u00a0\u00bb1\/2&Prime;][vc_column_text]\n<ul>\n<li style=\"text-align: justify;\">L&rsquo;exposition \u00e0 un seul secteur est g\u00e9n\u00e9ralement limit\u00e9e \u00e0 une exposition nette maximale.<\/li>\n<li style=\"text-align: justify;\">Exposition individuelle maximale de 10% \u2013 15% du Fonds.<\/li>\n<li style=\"text-align: justify;\">Id\u00e9alement, le Fonds maintient un minimum de 15 \u00e0 20 positions longues, soit 2% \u00e0 5% du capital par titre.<\/li>\n<li style=\"text-align: justify;\">Id\u00e9alement, le Fonds maintient un minimum de 10 \u00e0 15 positions courtes. Ces positions repr\u00e9sentent en g\u00e9n\u00e9ral 20% \u00e0 35% du Fonds.<\/li>\n<li style=\"text-align: justify;\">Les pertes sur les positions \u00e0 d\u00e9couvert sont r\u00e9vis\u00e9es \u00e0 toutes les fluctuations\u00a0de 5% et sont ferm\u00e9es dans l\u2019\u00e9ventualit\u00e9 d\u2019une perte de 20% sur la position.<\/li>\n<li style=\"text-align: justify;\">Nous pr\u00e9voyons \u00eatre actifs avec des \u00ab\u00a0pair trades\u00a0\u00bb, avec des r\u00e9visions et r\u00e9\u00e9quilibrages mensuel.<\/li>\n<\/ul>\n[\/vc_column_text][\/vc_column_inner][vc_column_inner width=\u00a0\u00bb1\/2&Prime;][vc_column_text]\n<ul>\n<li style=\"text-align: justify;\">Lorsqu\u2019une position longue augmente, nous avons tendance \u00e0 accro\u00eetre cette position.<\/li>\n<li style=\"text-align: justify;\">En g\u00e9n\u00e9ral, nous recherchons des positions cl\u00e9s que nous comptons conserver pour plusieurs ann\u00e9es.<\/li>\n<li style=\"text-align: justify;\">Nous faisons des transactions \u00e0 plus court terme pour agr\u00e9menter nos positions cl\u00e9s et augmenter notre rendement afin de compenser pour les frais de gestion et co\u00fbts op\u00e9rationnels.<\/li>\n<li style=\"text-align: justify;\">Avec le choix judicieux de nos courtiers, nous g\u00e9rons le risque des devises \u00e0 faible co\u00fbt.<\/li>\n<li style=\"text-align: justify;\">Nous faisons une utilisation r\u00e9fl\u00e9chie et \u00e9clair\u00e9e des ordres \u00ab stop-loss \u00bb.<\/li>\n<li style=\"text-align: justify;\">Les options (produit d\u00e9riv\u00e9) nous permettent de g\u00e9n\u00e9rer un revenu et une exposition \u00e0 plusieurs actions.<\/li>\n<\/ul>\n[\/vc_column_text][\/vc_column_inner][\/vc_row_inner][vc_column_text]\n<p style=\"text-align: justify;\">Pour plus d&rsquo;information \u00e0 propos de notre organisation ou pour apprendre davantage sur notre Fonds ou notre philosophie d&rsquo;investissement, nous vous invitons \u00e0 <a href=\"\/fr\/nous-joindre\/\">communiquer avec nous<\/a>. Il nous fera un plaisir de r\u00e9pondre \u00e0 vos questions.<\/p>\n[\/vc_column_text][\/vc_column][\/vc_row]\n","protected":false},"excerpt":{"rendered":"<p>[vc_row][vc_column][vc_custom_heading text=\u00a0\u00bbPhilosophie d&rsquo;investissement\u00a0\u00bb font_container=\u00a0\u00bbtag:h1|font_size:30|text_align:left\u00a0\u00bb google_fonts=\u00a0\u00bbfont_family:Poiret%20One%3Aregular|font_style:400%20regular%3A400%3Anormal\u00a0\u00bb][vc_column_text] La philosophie d\u2019investissement repose sur une approche mondiale \u00e0 travers des actions canadiennes positionn\u00e9es ad\u00e9quatement pour profiter de la croissance notamment des pays \u00e9mergents. De plus, le Fonds BT Global Growth est activement impliqu\u00e9 sur&hellip;<\/p>\n","protected":false},"author":1,"featured_media":0,"parent":0,"menu_order":3,"comment_status":"closed","ping_status":"closed","template":"","meta":{"footnotes":""},"class_list":["post-180","page","type-page","status-publish","hentry","entry","no-media"],"yoast_head":"<!-- This site is optimized with the Yoast SEO plugin v26.8 - https:\/\/yoast.com\/product\/yoast-seo-wordpress\/ -->\n<title>Philosophie d&#039;investissement - BT Global Growth \u00e0 Montr\u00e9al<\/title>\n<meta name=\"description\" content=\"Le fonds BT Global Growth est un fonds achat vente \u00ablong-short\u00bb orient\u00e9 sur la valeur et sp\u00e9cialis\u00e9 dans les ressources. En savoir plus.\" \/>\n<meta name=\"robots\" content=\"index, follow, max-snippet:-1, max-image-preview:large, max-video-preview:-1\" \/>\n<link rel=\"canonical\" href=\"https:\/\/btglobal.ca\/fr\/philosophie-dinvestissement\/\" \/>\n<meta property=\"og:locale\" content=\"fr_FR\" \/>\n<meta property=\"og:type\" content=\"article\" \/>\n<meta property=\"og:title\" content=\"Philosophie d&#039;investissement - BT Global Growth \u00e0 Montr\u00e9al\" \/>\n<meta property=\"og:description\" content=\"Le fonds BT Global Growth est un fonds achat vente \u00ablong-short\u00bb orient\u00e9 sur la valeur et sp\u00e9cialis\u00e9 dans les ressources. En savoir plus.\" \/>\n<meta property=\"og:url\" content=\"https:\/\/btglobal.ca\/fr\/philosophie-dinvestissement\/\" \/>\n<meta property=\"og:site_name\" content=\"BT Global Growth\" \/>\n<meta property=\"article:publisher\" content=\"https:\/\/www.facebook.com\/btglobalgrowth\/\" \/>\n<meta property=\"article:modified_time\" content=\"2025-09-25T16:54:02+00:00\" \/>\n<meta name=\"twitter:card\" content=\"summary_large_image\" \/>\n<meta name=\"twitter:label1\" content=\"Dur\u00e9e de lecture estim\u00e9e\" \/>\n\t<meta name=\"twitter:data1\" content=\"5 minutes\" \/>\n<script type=\"application\/ld+json\" class=\"yoast-schema-graph\">{\"@context\":\"https:\/\/schema.org\",\"@graph\":[{\"@type\":\"WebPage\",\"@id\":\"https:\/\/btglobal.ca\/fr\/philosophie-dinvestissement\/\",\"url\":\"https:\/\/btglobal.ca\/fr\/philosophie-dinvestissement\/\",\"name\":\"Philosophie d'investissement - BT Global Growth \u00e0 Montr\u00e9al\",\"isPartOf\":{\"@id\":\"https:\/\/btglobal.ca\/#website\"},\"datePublished\":\"2017-07-23T01:42:27+00:00\",\"dateModified\":\"2025-09-25T16:54:02+00:00\",\"description\":\"Le fonds BT Global Growth est un fonds achat vente \u00ablong-short\u00bb orient\u00e9 sur la valeur et sp\u00e9cialis\u00e9 dans les ressources. En savoir plus.\",\"breadcrumb\":{\"@id\":\"https:\/\/btglobal.ca\/fr\/philosophie-dinvestissement\/#breadcrumb\"},\"inLanguage\":\"fr-FR\",\"potentialAction\":[{\"@type\":\"ReadAction\",\"target\":[\"https:\/\/btglobal.ca\/fr\/philosophie-dinvestissement\/\"]}]},{\"@type\":\"BreadcrumbList\",\"@id\":\"https:\/\/btglobal.ca\/fr\/philosophie-dinvestissement\/#breadcrumb\",\"itemListElement\":[{\"@type\":\"ListItem\",\"position\":1,\"name\":\"Home\",\"item\":\"https:\/\/btglobal.ca\/fr\/\"},{\"@type\":\"ListItem\",\"position\":2,\"name\":\"Philosophie d&#8217;investissement\"}]},{\"@type\":\"WebSite\",\"@id\":\"https:\/\/btglobal.ca\/#website\",\"url\":\"https:\/\/btglobal.ca\/\",\"name\":\"BT Global Growth\",\"description\":\"Montreal Based Canadian Hedge Fund\",\"publisher\":{\"@id\":\"https:\/\/btglobal.ca\/#organization\"},\"potentialAction\":[{\"@type\":\"SearchAction\",\"target\":{\"@type\":\"EntryPoint\",\"urlTemplate\":\"https:\/\/btglobal.ca\/?s={search_term_string}\"},\"query-input\":{\"@type\":\"PropertyValueSpecification\",\"valueRequired\":true,\"valueName\":\"search_term_string\"}}],\"inLanguage\":\"fr-FR\"},{\"@type\":\"Organization\",\"@id\":\"https:\/\/btglobal.ca\/#organization\",\"name\":\"BT Global Growth\",\"url\":\"https:\/\/btglobal.ca\/\",\"logo\":{\"@type\":\"ImageObject\",\"inLanguage\":\"fr-FR\",\"@id\":\"https:\/\/btglobal.ca\/#\/schema\/logo\/image\/\",\"url\":\"http:\/\/btglobal.ca\/wp-content\/uploads\/2017\/07\/BT-Global-Logo.png\",\"contentUrl\":\"http:\/\/btglobal.ca\/wp-content\/uploads\/2017\/07\/BT-Global-Logo.png\",\"width\":240,\"height\":70,\"caption\":\"BT Global Growth\"},\"image\":{\"@id\":\"https:\/\/btglobal.ca\/#\/schema\/logo\/image\/\"},\"sameAs\":[\"https:\/\/www.facebook.com\/btglobalgrowth\/\",\"https:\/\/www.linkedin.com\/company\/bt-global-growth\",\"https:\/\/www.youtube.com\/channel\/UCuhqF9NEZhd6TEF5c7seY1A\"]}]}<\/script>\n<!-- \/ Yoast SEO plugin. -->","yoast_head_json":{"title":"Philosophie d'investissement - BT Global Growth \u00e0 Montr\u00e9al","description":"Le fonds BT Global Growth est un fonds achat vente \u00ablong-short\u00bb orient\u00e9 sur la valeur et sp\u00e9cialis\u00e9 dans les ressources. En savoir plus.","robots":{"index":"index","follow":"follow","max-snippet":"max-snippet:-1","max-image-preview":"max-image-preview:large","max-video-preview":"max-video-preview:-1"},"canonical":"https:\/\/btglobal.ca\/fr\/philosophie-dinvestissement\/","og_locale":"fr_FR","og_type":"article","og_title":"Philosophie d'investissement - BT Global Growth \u00e0 Montr\u00e9al","og_description":"Le fonds BT Global Growth est un fonds achat vente \u00ablong-short\u00bb orient\u00e9 sur la valeur et sp\u00e9cialis\u00e9 dans les ressources. En savoir plus.","og_url":"https:\/\/btglobal.ca\/fr\/philosophie-dinvestissement\/","og_site_name":"BT Global Growth","article_publisher":"https:\/\/www.facebook.com\/btglobalgrowth\/","article_modified_time":"2025-09-25T16:54:02+00:00","twitter_card":"summary_large_image","twitter_misc":{"Dur\u00e9e de lecture estim\u00e9e":"5 minutes"},"schema":{"@context":"https:\/\/schema.org","@graph":[{"@type":"WebPage","@id":"https:\/\/btglobal.ca\/fr\/philosophie-dinvestissement\/","url":"https:\/\/btglobal.ca\/fr\/philosophie-dinvestissement\/","name":"Philosophie d'investissement - BT Global Growth \u00e0 Montr\u00e9al","isPartOf":{"@id":"https:\/\/btglobal.ca\/#website"},"datePublished":"2017-07-23T01:42:27+00:00","dateModified":"2025-09-25T16:54:02+00:00","description":"Le fonds BT Global Growth est un fonds achat vente \u00ablong-short\u00bb orient\u00e9 sur la valeur et sp\u00e9cialis\u00e9 dans les ressources. En savoir plus.","breadcrumb":{"@id":"https:\/\/btglobal.ca\/fr\/philosophie-dinvestissement\/#breadcrumb"},"inLanguage":"fr-FR","potentialAction":[{"@type":"ReadAction","target":["https:\/\/btglobal.ca\/fr\/philosophie-dinvestissement\/"]}]},{"@type":"BreadcrumbList","@id":"https:\/\/btglobal.ca\/fr\/philosophie-dinvestissement\/#breadcrumb","itemListElement":[{"@type":"ListItem","position":1,"name":"Home","item":"https:\/\/btglobal.ca\/fr\/"},{"@type":"ListItem","position":2,"name":"Philosophie d&#8217;investissement"}]},{"@type":"WebSite","@id":"https:\/\/btglobal.ca\/#website","url":"https:\/\/btglobal.ca\/","name":"BT Global Growth","description":"Montreal Based Canadian Hedge Fund","publisher":{"@id":"https:\/\/btglobal.ca\/#organization"},"potentialAction":[{"@type":"SearchAction","target":{"@type":"EntryPoint","urlTemplate":"https:\/\/btglobal.ca\/?s={search_term_string}"},"query-input":{"@type":"PropertyValueSpecification","valueRequired":true,"valueName":"search_term_string"}}],"inLanguage":"fr-FR"},{"@type":"Organization","@id":"https:\/\/btglobal.ca\/#organization","name":"BT Global Growth","url":"https:\/\/btglobal.ca\/","logo":{"@type":"ImageObject","inLanguage":"fr-FR","@id":"https:\/\/btglobal.ca\/#\/schema\/logo\/image\/","url":"http:\/\/btglobal.ca\/wp-content\/uploads\/2017\/07\/BT-Global-Logo.png","contentUrl":"http:\/\/btglobal.ca\/wp-content\/uploads\/2017\/07\/BT-Global-Logo.png","width":240,"height":70,"caption":"BT Global Growth"},"image":{"@id":"https:\/\/btglobal.ca\/#\/schema\/logo\/image\/"},"sameAs":["https:\/\/www.facebook.com\/btglobalgrowth\/","https:\/\/www.linkedin.com\/company\/bt-global-growth","https:\/\/www.youtube.com\/channel\/UCuhqF9NEZhd6TEF5c7seY1A"]}]}},"_links":{"self":[{"href":"https:\/\/btglobal.ca\/fr\/wp-json\/wp\/v2\/pages\/180\/"}],"collection":[{"href":"https:\/\/btglobal.ca\/fr\/wp-json\/wp\/v2\/pages\/"}],"about":[{"href":"https:\/\/btglobal.ca\/fr\/wp-json\/wp\/v2\/types\/page\/"}],"author":[{"embeddable":true,"href":"https:\/\/btglobal.ca\/fr\/wp-json\/wp\/v2\/users\/1\/"}],"replies":[{"embeddable":true,"href":"https:\/\/btglobal.ca\/fr\/wp-json\/wp\/v2\/comments\/?post=180"}],"version-history":[{"count":4,"href":"https:\/\/btglobal.ca\/fr\/wp-json\/wp\/v2\/pages\/180\/revisions\/"}],"predecessor-version":[{"id":1987,"href":"https:\/\/btglobal.ca\/fr\/wp-json\/wp\/v2\/pages\/180\/revisions\/1987\/"}],"wp:attachment":[{"href":"https:\/\/btglobal.ca\/fr\/wp-json\/wp\/v2\/media\/?parent=180"}],"curies":[{"name":"wp","href":"https:\/\/api.w.org\/{rel}","templated":true}]}}