{"id":163,"date":"2017-07-22T06:26:16","date_gmt":"2017-07-22T10:26:16","guid":{"rendered":"http:\/\/btglobal.ca\/?page_id=163"},"modified":"2026-03-26T14:52:12","modified_gmt":"2026-03-26T18:52:12","slug":"a-propos","status":"publish","type":"page","link":"https:\/\/btglobal.ca\/fr\/a-propos\/","title":{"rendered":"\u00c0 propos"},"content":{"rendered":"[vc_row][vc_column][vc_custom_heading text=\u00a0\u00bbProfil corporatif\u00a0\u00bb font_container=\u00a0\u00bbtag:h1|font_size:30|text_align:left|color:%2330557e\u00a0\u00bb google_fonts=\u00a0\u00bbfont_family:Poiret%20One%3Aregular|font_style:400%20regular%3A400%3Anormal\u00a0\u00bb][vc_column_text]\n<p style=\"text-align: justify;\">Le Fonds de couverture montr\u00e9alais BT Global Growth est un fonds d\u2019investissement ax\u00e9 sur la valeur, qui se sp\u00e9cialise dans la strat\u00e9gie \u00ab long \/ short \u00bb. Depuis le lancement, le Fonds a g\u00e9n\u00e9r\u00e9 un rendement net des frais de 11.31% par ann\u00e9e (en date du 28 f\u00e9vrier 2026).<\/p>\n<h2 style=\"text-align: justify;\">\u00c9quipe de gestion du Fonds BT Global Growth<\/h2>\n<p>Le Fonds de couverture BT Global Growth est bas\u00e9 \u00e0 Montr\u00e9al.<\/p>\n<h3>Paul Beattie, MBA<\/h3>\n<p style=\"text-align: justify;\">Paul Beattie poss\u00e8de plus de 33 ans d\u2019exp\u00e9rience dans le domaine des finances avec une grande exp\u00e9rience \u00e0 l\u2019international. Il d\u00e9tient un MBA de INSEAD (France) et un Baccalaur\u00e9at en Commerce (avec distinction) de l\u2019Universit\u00e9 Queens au Canada. Il est co-fondateur avec Jacques Lacroix de la compagnie d\u2019investissement BT Global Growth. Paul a d\u00e9but\u00e9 sa carri\u00e8re comme banquier d\u2019investissement entre 1986 et 1991 avec Merrill Lynch Canada Inc. en tant que vice-pr\u00e9sident, finance corporative, et a \u00e9t\u00e9 impliqu\u00e9 dans plusieurs mandats, dont les fusions et acquisitions, ainsi que l\u2019\u00e9mission des nouvelles actions pour les clients canadiens. Il \u00e9tait responsable des fusions et acquisitions chez Telesystem International Wireless entre 1994 \u00e0 2000, un des plus importants op\u00e9rateurs de t\u00e9l\u00e9phones cellulaire au Canada. De 2000 \u00e0 2006, il \u00e9tait associ\u00e9 directeur chez Stable Capital Advisors, une banque d&rsquo;investissement sp\u00e9cialis\u00e9e qu\u2019il a cofond\u00e9. Paul est membre du cabinet de campagne de la Fondation du Centre universitaire de sant\u00e9 McGill. Il est copr\u00e9sident de la <a href=\"\/fr\/fondation-du-cusm\/\">campagne respiratoire<\/a>.<\/p>\n<h3>Jacques Lacroix, CFA<\/h3>\n<p><strong>Gestionnaire de portefeuille et chef de la conformit\u00e9<\/strong><\/p>\n<ul>\n<li>Cofondateur de BTGG en 2006.<\/li>\n<li>Directeur financier de Pangea Agriculture Group Inc. (entrepreneuriat agricole, 2017-2021).<\/li>\n<li>Cofondateur et associ\u00e9 directeur d&rsquo;Echo Capital, soci\u00e9t\u00e9 de capital-investissement (2006-2019).<\/li>\n<li>Vice-pr\u00e9sident de la planification strat\u00e9gique, Telesystem International Wireless, avec une vaste exp\u00e9rience du march\u00e9 des actions et de la dette (3 milliards de dollars de financements, 1990-2005).<\/li>\n<li>BA et ma\u00eetrise en finance de l&rsquo;Universit\u00e9 de Sherbrooke, CFA.<\/li>\n<li>Plus de 30 ans d&rsquo;exp\u00e9rience en mergers &amp; acquisitions, \u00e9valuation d&rsquo;entreprise, gestion de portefeuille et financement au sein de soci\u00e9t\u00e9s priv\u00e9es et cot\u00e9es en bourse.<\/li>\n<li>30 ans de collaboration avec M. Beattie.<\/li>\n<\/ul>\n<h3>Jim Shannon, MBA, M. Eng., CIM<\/h3>\n<p><strong>Gestionnaire de portefeuille et chef de l&rsquo;activit\u00e9 EMD<\/strong><\/p>\n<ul>\n<li>Investisseur fondateur de BTGG<\/li>\n<li>Plus de 20 ans d&rsquo;exp\u00e9rience dans les march\u00e9s de capitaux et l&rsquo;investissement dans les infrastructures.<\/li>\n<li>Fondateur de Woodpark Capital, une soci\u00e9t\u00e9 de conseil en services financiers.<\/li>\n<li>Pr\u00e9sident du conseil d&rsquo;administration de M\u00e9taux Pr\u00e9cieux du Qu\u00e9bec (QPM.V).<\/li>\n<li>Gestionnaire de portefeuille chez Windermere Capital un fonds sp\u00e9cialis\u00e9 dans les ressources naturelles (2011-2016).<\/li>\n<li>Ventes d&rsquo;actions institutionnelles chez Stifel GMP (2003-2011) et BMO March\u00e9s des capitaux (2000-2003).<\/li>\n<li>MBA de l&rsquo;Ivey School of Business, M. Eng. de l&rsquo;Universit\u00e9 McGill, B.Sc. de l&rsquo;Universit\u00e9 de Waterloo.<\/li>\n<\/ul>\n<h2 style=\"text-align: justify;\">En savoir plus sur BT Global Growth<\/h2>\n<p style=\"text-align: justify;\">Nous vous invitons \u00e0 en apprendre davantage sur le rendement du <a href=\"\/fr\/fonds-dinvestissement\/\">Fonds BT Global Growth.<\/a> De plus, nous vous encourageons \u00e0 visiter notre page \u00ab <a href=\"\/market-insights\/\">Market Insights<\/a> \u00bb o\u00f9 nous publions souvent des articles et entrevues sur notre vision du march\u00e9.<\/p>\n<p style=\"text-align: justify;\">Si vous envisagez de diversifier votre portefeuille existant, nous vous invitons \u00e0 <a href=\"\/fr\/nous-joindre\/\">nous contacter<\/a> d\u00e8s aujourd&rsquo;hui pour discuter des opportunit\u00e9s d&rsquo;investissement potentielles. Nous nous ferons un plaisir de r\u00e9pondre \u00e0 vos questions sur notre Fonds d&rsquo;investissement et notre philosophie d&rsquo;investissement. M. Paul Beattie, un des co-fondateurs, pr\u00e9sente la soci\u00e9t\u00e9 et discute des caract\u00e9ristiques de notre Fonds dans le vid\u00e9o ci-dessous.<\/p>\n<h2 style=\"text-align: justify;\">\u00c9quipe BT Global Growth<\/h2>\n[\/vc_column_text][vc_empty_space]<div class=\"vcex-module vcex-staff-grid-wrap clr\"><div class=\"wpex-row vcex-staff-grid entries wpex-clr match-height-grid\"><div class=\"staff-entry span_1_of_4 col col-1 post-171 entry type-staff has-media cat-159\"><div class=\"staff-entry-inner entry-inner clr\"><div class=\"staff-entry-media entry-media wpex-clr\"><img loading=\"lazy\" decoding=\"async\" width=\"254\" height=\"264\" src=\"https:\/\/btglobal.ca\/wp-content\/uploads\/2017\/07\/Paul-Beattie.png\" class=\"attachment-full size-full\" alt=\"Paul Beattie, MBA\" \/><\/div><div class=\"staff-entry-details entry-details wpex-clr\"><div class=\"match-height-content\"><h3 class=\"staff-entry-title entry-title\" style=\"font-size:16px;color:#30557e;\">Paul Beattie, MBA<\/h3><div class=\"staff-entry-position\">Pr\u00e9sident \/ Gestionnaire de portefeuille associ\u00e9<\/div><div class=\"sfaff-entry-social-links wpex-clr\"><div class=\"staff-social wpex-social-btns clr\"><a href=\"tel:(514) 907-8070\" title=\"N\u00b0 t\u00e9l\u00e9phone\" class=\"wpex-phone-number wpex-social-btn wpex-social-btn-minimal wpex-social-color-hover wpex-round\" target=\"_blank\"><span class=\"fa fa-phone\"><\/span><\/a><a href=\"mailto:pbeattie@btglobal.ca\" title=\"Email\" class=\"wpex-email wpex-social-btn wpex-social-btn-minimal wpex-social-color-hover wpex-round\"><span class=\"fa fa-envelope\"><\/span><\/a><\/div><\/div><\/div><\/div><\/div><\/div><div class=\"staff-entry span_1_of_4 col col-2 post-170 entry type-staff has-media cat-159\"><div class=\"staff-entry-inner entry-inner clr\"><div class=\"staff-entry-media entry-media wpex-clr\"><img loading=\"lazy\" decoding=\"async\" width=\"255\" height=\"264\" src=\"https:\/\/btglobal.ca\/wp-content\/uploads\/2017\/07\/Jacques-Lacroix.png\" class=\"attachment-full size-full\" alt=\"Jacques Lacroix, CFA\" \/><\/div><div class=\"staff-entry-details entry-details wpex-clr\"><div class=\"match-height-content\"><h3 class=\"staff-entry-title entry-title\" style=\"font-size:16px;color:#30557e;\">Jacques Lacroix, CFA<\/h3><div class=\"staff-entry-position\">Co-fondateur \/ Gestionnaire de portefeuille \/ Chef de la conformit\u00e9<\/div><div class=\"sfaff-entry-social-links wpex-clr\"><div class=\"staff-social wpex-social-btns clr\"><a href=\"tel:(514) 907-3013\" title=\"N\u00b0 t\u00e9l\u00e9phone\" class=\"wpex-phone-number wpex-social-btn wpex-social-btn-minimal wpex-social-color-hover wpex-round\" target=\"_blank\"><span class=\"fa fa-phone\"><\/span><\/a><a href=\"mailto:jlacroix@btglobal.ca\" title=\"Email\" class=\"wpex-email wpex-social-btn wpex-social-btn-minimal wpex-social-color-hover wpex-round\"><span class=\"fa fa-envelope\"><\/span><\/a><\/div><\/div><\/div><\/div><\/div><\/div><\/div><\/div><div class=\"vcex-module vcex-staff-grid-wrap clr\"><div class=\"wpex-row vcex-staff-grid entries wpex-clr match-height-grid\"><div class=\"staff-entry span_1_of_4 col col-1 post-166 entry type-staff has-media cat-774\"><div class=\"staff-entry-inner entry-inner clr\"><div class=\"staff-entry-media entry-media wpex-clr\"><img loading=\"lazy\" decoding=\"async\" width=\"256\" height=\"264\" src=\"https:\/\/btglobal.ca\/wp-content\/uploads\/2017\/07\/Gill-Broome.png\" class=\"attachment-full size-full\" alt=\"Gill Broome\" \/><\/div><div class=\"staff-entry-details entry-details wpex-clr\"><div class=\"match-height-content\"><h3 class=\"staff-entry-title entry-title\" style=\"font-size:16px;color:#30557e;\">Gill Broome<\/h3><div class=\"staff-entry-position\">Chef des services bancaires d&#039;investissement<\/div><div class=\"sfaff-entry-social-links wpex-clr\"><div class=\"staff-social wpex-social-btns clr\"><a href=\"tel:(514) 907-8071\" title=\"N\u00b0 t\u00e9l\u00e9phone\" class=\"wpex-phone-number wpex-social-btn wpex-social-btn-minimal wpex-social-color-hover wpex-round\" target=\"_blank\"><span class=\"fa fa-phone\"><\/span><\/a><a href=\"mailto:gbroome@btglobalcapital.ca\" title=\"Email\" class=\"wpex-email wpex-social-btn wpex-social-btn-minimal wpex-social-color-hover wpex-round\"><span class=\"fa fa-envelope\"><\/span><\/a><\/div><\/div><\/div><\/div><\/div><\/div><div class=\"staff-entry span_1_of_4 col col-2 post-167 entry type-staff has-media cat-774\"><div class=\"staff-entry-inner entry-inner clr\"><div class=\"staff-entry-media entry-media wpex-clr\"><img loading=\"lazy\" decoding=\"async\" width=\"256\" height=\"264\" src=\"https:\/\/btglobal.ca\/wp-content\/uploads\/2017\/07\/David-Creighton.png\" class=\"attachment-full size-full\" alt=\"David Creighton\" \/><\/div><div class=\"staff-entry-details entry-details wpex-clr\"><div class=\"match-height-content\"><h3 class=\"staff-entry-title entry-title\" style=\"font-size:16px;color:#30557e;\">David Creighton<\/h3><div class=\"staff-entry-position\">Conseil consultatif<\/div><div class=\"sfaff-entry-social-links wpex-clr\"><div class=\"staff-social wpex-social-btns clr\"><a href=\"tel:(514) 907-8071\" title=\"N\u00b0 t\u00e9l\u00e9phone\" class=\"wpex-phone-number wpex-social-btn wpex-social-btn-minimal wpex-social-color-hover wpex-round\" target=\"_blank\"><span class=\"fa fa-phone\"><\/span><\/a><a href=\"mailto:dcreighton@btglobal.ca\" title=\"Email\" class=\"wpex-email wpex-social-btn wpex-social-btn-minimal wpex-social-color-hover wpex-round\"><span class=\"fa fa-envelope\"><\/span><\/a><\/div><\/div><\/div><\/div><\/div><\/div><div class=\"staff-entry span_1_of_4 col col-3 post-1206 entry type-staff has-media cat-774\"><div class=\"staff-entry-inner entry-inner clr\"><div class=\"staff-entry-media entry-media wpex-clr\"><img loading=\"lazy\" decoding=\"async\" width=\"256\" height=\"264\" src=\"https:\/\/btglobal.ca\/wp-content\/uploads\/2022\/12\/James-Shannon-BT-Global.jpg\" class=\"attachment-full size-full\" alt=\"James Shannon, M.Eng, MBA, CIM\" \/><\/div><div class=\"staff-entry-details entry-details wpex-clr\"><div class=\"match-height-content\"><h3 class=\"staff-entry-title entry-title\" style=\"font-size:16px;color:#30557e;\">James Shannon, M.Eng, MBA, CIM<\/h3><div class=\"staff-entry-position\">Chef de l&#039;activit\u00e9 EMD<\/div><div class=\"sfaff-entry-social-links wpex-clr\"><div class=\"staff-social wpex-social-btns clr\"><\/div><\/div><\/div><\/div><\/div><\/div><\/div><\/div>[vc_video link=\u00a0\u00bbhttps:\/\/www.youtube.com\/watch?v=ySSbuNvSqLA\u00a0\u00bb align=\u00a0\u00bbright\u00a0\u00bb title=\u00a0\u00bbApprenez davantage sur le Fonds BT Global Growth\u00a0\u00bb][\/vc_column][\/vc_row]\n","protected":false},"excerpt":{"rendered":"<p>[vc_row][vc_column][vc_custom_heading text=\u00a0\u00bbProfil corporatif\u00a0\u00bb font_container=\u00a0\u00bbtag:h1|font_size:30|text_align:left|color:%2330557e\u00a0\u00bb google_fonts=\u00a0\u00bbfont_family:Poiret%20One%3Aregular|font_style:400%20regular%3A400%3Anormal\u00a0\u00bb][vc_column_text] Le Fonds de couverture montr\u00e9alais BT Global Growth est un fonds d\u2019investissement ax\u00e9 sur la valeur, qui se sp\u00e9cialise dans la strat\u00e9gie \u00ab long \/ short \u00bb. Depuis le lancement, le Fonds a g\u00e9n\u00e9r\u00e9 un&hellip;<\/p>\n","protected":false},"author":1,"featured_media":0,"parent":0,"menu_order":2,"comment_status":"closed","ping_status":"closed","template":"","meta":{"footnotes":""},"class_list":["post-163","page","type-page","status-publish","hentry","entry","has-media"],"yoast_head":"<!-- This site is optimized with the Yoast SEO plugin v26.8 - https:\/\/yoast.com\/product\/yoast-seo-wordpress\/ -->\n<title>\u00c0 propos de notre \u00e9quipe de gestion - BT Global Growth \u00e0 Montr\u00e9al<\/title>\n<meta name=\"description\" content=\"D\u00e9couvrez l&#039;\u00e9quipe de gestion du fonds BT Global Growth. Pour plus d&#039;information sur notre fonds de couverture, contactez-nous \u00e0 (514) 907-8071\" \/>\n<meta name=\"robots\" content=\"index, follow, max-snippet:-1, max-image-preview:large, max-video-preview:-1\" \/>\n<link rel=\"canonical\" href=\"https:\/\/btglobal.ca\/fr\/a-propos\/\" \/>\n<meta property=\"og:locale\" content=\"fr_FR\" \/>\n<meta property=\"og:type\" content=\"article\" \/>\n<meta property=\"og:title\" content=\"\u00c0 propos de notre \u00e9quipe de gestion - BT Global Growth \u00e0 Montr\u00e9al\" \/>\n<meta property=\"og:description\" content=\"D\u00e9couvrez l&#039;\u00e9quipe de gestion du fonds BT Global Growth. Pour plus d&#039;information sur notre fonds de couverture, contactez-nous \u00e0 (514) 907-8071\" \/>\n<meta property=\"og:url\" content=\"https:\/\/btglobal.ca\/fr\/a-propos\/\" \/>\n<meta property=\"og:site_name\" content=\"BT Global Growth\" \/>\n<meta property=\"article:publisher\" content=\"https:\/\/www.facebook.com\/btglobalgrowth\/\" \/>\n<meta property=\"article:modified_time\" content=\"2026-03-26T18:52:12+00:00\" \/>\n<meta name=\"twitter:card\" content=\"summary_large_image\" \/>\n<meta name=\"twitter:label1\" content=\"Dur\u00e9e de lecture estim\u00e9e\" \/>\n\t<meta name=\"twitter:data1\" content=\"3 minutes\" \/>\n<script type=\"application\/ld+json\" class=\"yoast-schema-graph\">{\"@context\":\"https:\/\/schema.org\",\"@graph\":[{\"@type\":\"WebPage\",\"@id\":\"https:\/\/btglobal.ca\/fr\/a-propos\/\",\"url\":\"https:\/\/btglobal.ca\/fr\/a-propos\/\",\"name\":\"\u00c0 propos de notre \u00e9quipe de gestion - BT Global Growth \u00e0 Montr\u00e9al\",\"isPartOf\":{\"@id\":\"https:\/\/btglobal.ca\/#website\"},\"datePublished\":\"2017-07-22T10:26:16+00:00\",\"dateModified\":\"2026-03-26T18:52:12+00:00\",\"description\":\"D\u00e9couvrez l'\u00e9quipe de gestion du fonds BT Global Growth. Pour plus d'information sur notre fonds de couverture, contactez-nous \u00e0 (514) 907-8071\",\"breadcrumb\":{\"@id\":\"https:\/\/btglobal.ca\/fr\/a-propos\/#breadcrumb\"},\"inLanguage\":\"fr-FR\",\"potentialAction\":[{\"@type\":\"ReadAction\",\"target\":[\"https:\/\/btglobal.ca\/fr\/a-propos\/\"]}]},{\"@type\":\"BreadcrumbList\",\"@id\":\"https:\/\/btglobal.ca\/fr\/a-propos\/#breadcrumb\",\"itemListElement\":[{\"@type\":\"ListItem\",\"position\":1,\"name\":\"Home\",\"item\":\"https:\/\/btglobal.ca\/fr\/\"},{\"@type\":\"ListItem\",\"position\":2,\"name\":\"\u00c0 propos\"}]},{\"@type\":\"WebSite\",\"@id\":\"https:\/\/btglobal.ca\/#website\",\"url\":\"https:\/\/btglobal.ca\/\",\"name\":\"BT Global Growth\",\"description\":\"Montreal Based Canadian Hedge Fund\",\"publisher\":{\"@id\":\"https:\/\/btglobal.ca\/#organization\"},\"potentialAction\":[{\"@type\":\"SearchAction\",\"target\":{\"@type\":\"EntryPoint\",\"urlTemplate\":\"https:\/\/btglobal.ca\/?s={search_term_string}\"},\"query-input\":{\"@type\":\"PropertyValueSpecification\",\"valueRequired\":true,\"valueName\":\"search_term_string\"}}],\"inLanguage\":\"fr-FR\"},{\"@type\":\"Organization\",\"@id\":\"https:\/\/btglobal.ca\/#organization\",\"name\":\"BT Global Growth\",\"url\":\"https:\/\/btglobal.ca\/\",\"logo\":{\"@type\":\"ImageObject\",\"inLanguage\":\"fr-FR\",\"@id\":\"https:\/\/btglobal.ca\/#\/schema\/logo\/image\/\",\"url\":\"http:\/\/btglobal.ca\/wp-content\/uploads\/2017\/07\/BT-Global-Logo.png\",\"contentUrl\":\"http:\/\/btglobal.ca\/wp-content\/uploads\/2017\/07\/BT-Global-Logo.png\",\"width\":240,\"height\":70,\"caption\":\"BT Global Growth\"},\"image\":{\"@id\":\"https:\/\/btglobal.ca\/#\/schema\/logo\/image\/\"},\"sameAs\":[\"https:\/\/www.facebook.com\/btglobalgrowth\/\",\"https:\/\/www.linkedin.com\/company\/bt-global-growth\",\"https:\/\/www.youtube.com\/channel\/UCuhqF9NEZhd6TEF5c7seY1A\"]}]}<\/script>\n<!-- \/ Yoast SEO plugin. -->","yoast_head_json":{"title":"\u00c0 propos de notre \u00e9quipe de gestion - BT Global Growth \u00e0 Montr\u00e9al","description":"D\u00e9couvrez l'\u00e9quipe de gestion du fonds BT Global Growth. Pour plus d'information sur notre fonds de couverture, contactez-nous \u00e0 (514) 907-8071","robots":{"index":"index","follow":"follow","max-snippet":"max-snippet:-1","max-image-preview":"max-image-preview:large","max-video-preview":"max-video-preview:-1"},"canonical":"https:\/\/btglobal.ca\/fr\/a-propos\/","og_locale":"fr_FR","og_type":"article","og_title":"\u00c0 propos de notre \u00e9quipe de gestion - BT Global Growth \u00e0 Montr\u00e9al","og_description":"D\u00e9couvrez l'\u00e9quipe de gestion du fonds BT Global Growth. Pour plus d'information sur notre fonds de couverture, contactez-nous \u00e0 (514) 907-8071","og_url":"https:\/\/btglobal.ca\/fr\/a-propos\/","og_site_name":"BT Global Growth","article_publisher":"https:\/\/www.facebook.com\/btglobalgrowth\/","article_modified_time":"2026-03-26T18:52:12+00:00","twitter_card":"summary_large_image","twitter_misc":{"Dur\u00e9e de lecture estim\u00e9e":"3 minutes"},"schema":{"@context":"https:\/\/schema.org","@graph":[{"@type":"WebPage","@id":"https:\/\/btglobal.ca\/fr\/a-propos\/","url":"https:\/\/btglobal.ca\/fr\/a-propos\/","name":"\u00c0 propos de notre \u00e9quipe de gestion - BT Global Growth \u00e0 Montr\u00e9al","isPartOf":{"@id":"https:\/\/btglobal.ca\/#website"},"datePublished":"2017-07-22T10:26:16+00:00","dateModified":"2026-03-26T18:52:12+00:00","description":"D\u00e9couvrez l'\u00e9quipe de gestion du fonds BT Global Growth. Pour plus d'information sur notre fonds de couverture, contactez-nous \u00e0 (514) 907-8071","breadcrumb":{"@id":"https:\/\/btglobal.ca\/fr\/a-propos\/#breadcrumb"},"inLanguage":"fr-FR","potentialAction":[{"@type":"ReadAction","target":["https:\/\/btglobal.ca\/fr\/a-propos\/"]}]},{"@type":"BreadcrumbList","@id":"https:\/\/btglobal.ca\/fr\/a-propos\/#breadcrumb","itemListElement":[{"@type":"ListItem","position":1,"name":"Home","item":"https:\/\/btglobal.ca\/fr\/"},{"@type":"ListItem","position":2,"name":"\u00c0 propos"}]},{"@type":"WebSite","@id":"https:\/\/btglobal.ca\/#website","url":"https:\/\/btglobal.ca\/","name":"BT Global Growth","description":"Montreal Based Canadian Hedge Fund","publisher":{"@id":"https:\/\/btglobal.ca\/#organization"},"potentialAction":[{"@type":"SearchAction","target":{"@type":"EntryPoint","urlTemplate":"https:\/\/btglobal.ca\/?s={search_term_string}"},"query-input":{"@type":"PropertyValueSpecification","valueRequired":true,"valueName":"search_term_string"}}],"inLanguage":"fr-FR"},{"@type":"Organization","@id":"https:\/\/btglobal.ca\/#organization","name":"BT Global Growth","url":"https:\/\/btglobal.ca\/","logo":{"@type":"ImageObject","inLanguage":"fr-FR","@id":"https:\/\/btglobal.ca\/#\/schema\/logo\/image\/","url":"http:\/\/btglobal.ca\/wp-content\/uploads\/2017\/07\/BT-Global-Logo.png","contentUrl":"http:\/\/btglobal.ca\/wp-content\/uploads\/2017\/07\/BT-Global-Logo.png","width":240,"height":70,"caption":"BT Global Growth"},"image":{"@id":"https:\/\/btglobal.ca\/#\/schema\/logo\/image\/"},"sameAs":["https:\/\/www.facebook.com\/btglobalgrowth\/","https:\/\/www.linkedin.com\/company\/bt-global-growth","https:\/\/www.youtube.com\/channel\/UCuhqF9NEZhd6TEF5c7seY1A"]}]}},"_links":{"self":[{"href":"https:\/\/btglobal.ca\/fr\/wp-json\/wp\/v2\/pages\/163\/"}],"collection":[{"href":"https:\/\/btglobal.ca\/fr\/wp-json\/wp\/v2\/pages\/"}],"about":[{"href":"https:\/\/btglobal.ca\/fr\/wp-json\/wp\/v2\/types\/page\/"}],"author":[{"embeddable":true,"href":"https:\/\/btglobal.ca\/fr\/wp-json\/wp\/v2\/users\/1\/"}],"replies":[{"embeddable":true,"href":"https:\/\/btglobal.ca\/fr\/wp-json\/wp\/v2\/comments\/?post=163"}],"version-history":[{"count":56,"href":"https:\/\/btglobal.ca\/fr\/wp-json\/wp\/v2\/pages\/163\/revisions\/"}],"predecessor-version":[{"id":2186,"href":"https:\/\/btglobal.ca\/fr\/wp-json\/wp\/v2\/pages\/163\/revisions\/2186\/"}],"wp:attachment":[{"href":"https:\/\/btglobal.ca\/fr\/wp-json\/wp\/v2\/media\/?parent=163"}],"curies":[{"name":"wp","href":"https:\/\/api.w.org\/{rel}","templated":true}]}}